{"id":8827,"date":"2016-01-31T17:55:40","date_gmt":"2016-01-31T17:55:40","guid":{"rendered":"https:\/\/gifted-rhodes.148-230-94-221.plesk.page\/prestations-de-service\/home-addition\/"},"modified":"2023-02-20T12:54:30","modified_gmt":"2023-02-20T12:54:30","slug":"ajouts-a-la-maison","status":"publish","type":"page","link":"https:\/\/ottawahomepros.com\/fr\/prestations-de-service\/ajouts-a-la-maison\/","title":{"rendered":"Ajouts \u00e0 la maison"},"content":{"rendered":"<p>[et_pb_section fb_built=&#8221;1&#8243; specialty=&#8221;on&#8221; padding_right_1=&#8221;0px&#8221; padding_right_2=&#8221;0px&#8221; padding_left_1=&#8221;0px&#8221; padding_left_2=&#8221;0px&#8221; padding_top_bottom_link_1=&#8221;false&#8221; padding_top_bottom_link_2=&#8221;false&#8221; padding_left_right_link_1=&#8221;true&#8221; padding_left_right_link_2=&#8221;true&#8221; _builder_version=&#8221;4.16&#8243; background_color=&#8221;#ededef&#8221; custom_padding=&#8221;||||false|false&#8221; global_colors_info=&#8221;{}&#8221;][et_pb_column type=&#8221;1_4&#8243; _builder_version=&#8221;4.16&#8243; custom_padding=&#8221;|||&#8221; global_colors_info=&#8221;{}&#8221; custom_padding__hover=&#8221;|||&#8221;][et_pb_sidebar area=&#8221;et_pb_widget_area_6&#8243; disabled_on=&#8221;on|on|off&#8221; _builder_version=&#8221;4.16&#8243; global_colors_info=&#8221;{}&#8221;][\/et_pb_sidebar][\/et_pb_column][et_pb_column type=&#8221;3_4&#8243; specialty_columns=&#8221;3&#8243; _builder_version=&#8221;4.16&#8243; custom_padding=&#8221;|||&#8221; global_colors_info=&#8221;{}&#8221; custom_padding__hover=&#8221;|||&#8221;][et_pb_row_inner _builder_version=&#8221;4.16&#8243; use_background_color_gradient=&#8221;on&#8221; background_color_gradient_direction=&#8221;90deg&#8221; background_color_gradient_stops=&#8221;rgba(0,86,171,0.62) 0%|rgba(0,127,255,0.39) 100%&#8221; background_color_gradient_overlays_image=&#8221;on&#8221; background_color_gradient_start=&#8221;rgba(0,86,171,0.62)&#8221; background_color_gradient_end=&#8221;rgba(0,127,255,0.39)&#8221; background_image=&#8221;https:\/\/ottawahomepros.com\/wp-content\/uploads\/2016\/01\/renovation-1.jpg&#8221; width=&#8221;100%&#8221; custom_padding=&#8221;80px|50px|80px|50px|true|true&#8221; locked=&#8221;off&#8221; global_colors_info=&#8221;{}&#8221;][et_pb_column_inner saved_specialty_column_type=&#8221;3_4&#8243; _builder_version=&#8221;4.16&#8243; global_colors_info=&#8221;{}&#8221;][et_pb_text quote_border_color=&#8221;#217ffc&#8221; _builder_version=&#8221;4.19.5&#8243; text_font=&#8221;Open Sans||||||||&#8221; link_font=&#8221;Open Sans|600|||||||&#8221; link_text_color=&#8221;#217ffc&#8221; ol_font=&#8221;||||||||&#8221; quote_font=&#8221;Open Sans||||||||&#8221; quote_text_color=&#8221;#111111&#8243; header_2_text_align=&#8221;center&#8221; header_2_text_color=&#8221;#ffffff&#8221; custom_margin=&#8221;||6px|||&#8221; hover_enabled=&#8221;0&#8243; global_colors_info=&#8221;{}&#8221; sticky_enabled=&#8221;0&#8243;]<\/p>\n<h2>Agrandissements de maison Ottawa<\/h2>\n<p>[\/et_pb_text][et_pb_divider show_divider=&#8221;off&#8221; _builder_version=&#8221;4.16&#8243; width=&#8221;80%&#8221; module_alignment=&#8221;center&#8221; border_width_top=&#8221;5px&#8221; border_color_top=&#8221;#d97c50&#8243; global_colors_info=&#8221;{}&#8221;][\/et_pb_divider][et_pb_text quote_border_color=&#8221;#217ffc&#8221; _builder_version=&#8221;4.19.5&#8243; text_font=&#8221;Open Sans||||||||&#8221; text_text_color=&#8221;#ffffff&#8221; text_font_size=&#8221;18px&#8221; link_font=&#8221;Open Sans|600|||||||&#8221; link_text_color=&#8221;#217ffc&#8221; ol_font=&#8221;||||||||&#8221; quote_font=&#8221;Open Sans||||||||&#8221; quote_text_color=&#8221;#111111&#8243; header_font=&#8221;Nunito Sans|800||on|||||&#8221; header_text_color=&#8221;#217ffc&#8221; header_2_font=&#8221;Nunito Sans|800||on|||||&#8221; header_2_text_color=&#8221;#217ffc&#8221; header_3_font=&#8221;Nunito Sans|700|||||||&#8221; header_3_text_align=&#8221;center&#8221; header_3_text_color=&#8221;#ffffff&#8221; header_4_font=&#8221;Nunito Sans|700|||||||&#8221; header_4_text_color=&#8221;#111111&#8243; header_5_font=&#8221;Nunito Sans|900||on|||||&#8221; header_5_text_color=&#8221;#217ffc&#8221; header_6_font=&#8221;Nunito Sans|900||on|||||&#8221; header_6_text_color=&#8221;#111111&#8243; hover_enabled=&#8221;0&#8243; global_colors_info=&#8221;{}&#8221; sticky_enabled=&#8221;0&#8243;]<\/p>\n<h3>Services de r\u00e9novation domiciliaire<\/h3>\n<p>[\/et_pb_text][\/et_pb_column_inner][\/et_pb_row_inner][et_pb_row_inner _builder_version=&#8221;4.16&#8243; custom_padding=&#8221;||0px|||&#8221; global_colors_info=&#8221;{}&#8221;][et_pb_column_inner saved_specialty_column_type=&#8221;3_4&#8243; _builder_version=&#8221;4.16&#8243; global_colors_info=&#8221;{}&#8221;][et_pb_text _builder_version=&#8221;4.19.5&#8243; custom_margin=&#8221;||18px||false|false&#8221; hover_enabled=&#8221;0&#8243; locked=&#8221;off&#8221; global_colors_info=&#8221;{}&#8221; sticky_enabled=&#8221;0&#8243;]<\/p>\n<h3>Nous vous aidons tout au long de la conception, du processus de s\u00e9lection des produits et de la r\u00e9alisation par notre expert de l&#8217;ajout de votre maison de r\u00eave.<br \/>Appelez-nous au (613)-288-9145.<\/h3>\n<p>[\/et_pb_text][\/et_pb_column_inner][\/et_pb_row_inner][et_pb_row_inner _builder_version=&#8221;4.16&#8243; custom_padding=&#8221;0px||3px|||&#8221; locked=&#8221;off&#8221; global_colors_info=&#8221;{}&#8221;][et_pb_column_inner saved_specialty_column_type=&#8221;3_4&#8243; _builder_version=&#8221;4.16&#8243; global_colors_info=&#8221;{}&#8221;][et_pb_text _builder_version=&#8221;4.19.5&#8243; custom_margin=&#8221;||23px|||&#8221; hover_enabled=&#8221;0&#8243; global_colors_info=&#8221;{}&#8221; sticky_enabled=&#8221;0&#8243;]<\/p>\n<p>Lorsqu&#8217;il s&#8217;agit de r\u00e9novations, de r\u00e9novations et d&#8217;ajouts de nouvelles maisons, contactez Ottawa Home Pros pour une estimation. Nous avons travaill\u00e9 avec d&#8217;innombrables clients dans la r\u00e9gion d&#8217;Ottawa pour des r\u00e9novations compl\u00e8tes. Nous sommes l\u00e0 pour travailler avec vous et veiller \u00e0 ce que votre maison devienne l&#8217;endroit que vous souhaitez.<\/p>\n<p>[\/et_pb_text][et_pb_text _builder_version=&#8221;4.19.5&#8243; custom_margin=&#8221;||10px||false|false&#8221; hover_enabled=&#8221;0&#8243; global_colors_info=&#8221;{}&#8221; sticky_enabled=&#8221;0&#8243;]<\/p>\n<h2>Comment pouvons-nous vous aider avec votre nouvel ajout?<\/h2>\n<p>[\/et_pb_text][et_pb_text _builder_version=&#8221;4.19.5&#8243; custom_margin=&#8221;||23px|||&#8221; hover_enabled=&#8221;0&#8243; global_colors_info=&#8221;{}&#8221; sticky_enabled=&#8221;0&#8243;]<\/p>\n<p>Nous vous consultons d\u00e8s que vous appelez notre bureau et travaillons avec vous \u00e0 chaque \u00e9tape du processus. Cela inclura de s&#8217;asseoir avec vous pour une consultation afin que nous puissions comprendre votre r\u00e9novation id\u00e9ale. Nous travaillons avec vous tout au long de la conception, du processus de s\u00e9lection des produits et de la r\u00e9alisation par notre expert de l&#8217;ajout de votre maison de r\u00eave. Nous avons de nombreuses ann\u00e9es d&#8217;exp\u00e9rience dans la r\u00e9gion d&#8217;Ottawa et de Gatineau. Nous sommes fiers de la satisfaction de nos clients et d&#8217;une excellente r\u00e9putation. Notre objectif est de vous offrir l&#8217;exp\u00e9rience de r\u00e9novation de vos r\u00eaves et un ajout \u00e0 votre nouvelle maison \u00e0 Ottawa dont vous pouvez \u00eatre fier.<\/p>\n<p>[\/et_pb_text][et_pb_text _builder_version=&#8221;4.19.5&#8243; custom_margin=&#8221;||8px|||&#8221; hover_enabled=&#8221;0&#8243; locked=&#8221;off&#8221; global_colors_info=&#8221;{}&#8221; sticky_enabled=&#8221;0&#8243;]<\/p>\n<h5>Il y a plusieurs raisons pour lesquelles vous aimeriez maximiser l&#8217;espace de votre maison :<\/h5>\n<p>[\/et_pb_text][et_pb_text _builder_version=&#8221;4.19.5&#8243; custom_margin=&#8221;||-3px|||&#8221; hover_enabled=&#8221;0&#8243; locked=&#8221;off&#8221; global_colors_info=&#8221;{}&#8221; sticky_enabled=&#8221;0&#8243;]<\/p>\n<ul>\n<li>Famille augment\u00e9e<\/li>\n<li>Espace bureau<\/li>\n<li>Plus de salles de bain<\/li>\n<li>Utiliser pleinement l&#8217;espace<\/li>\n<\/ul>\n<p>[\/et_pb_text][et_pb_text _builder_version=&#8221;4.19.5&#8243; custom_margin=&#8221;||8px|||&#8221; hover_enabled=&#8221;0&#8243; locked=&#8221;off&#8221; global_colors_info=&#8221;{}&#8221; sticky_enabled=&#8221;0&#8243;]<\/p>\n<p>Les agrandissements de maison \u00e0 Ottawa peuvent \u00eatre un excellent moyen d&#8217;augmenter la superficie de votre espace de vie afin de mieux r\u00e9pondre aux besoins de votre famille. Lorsqu&#8217;ils sont bien planifi\u00e9s et ex\u00e9cut\u00e9s, ils peuvent ajouter de la valeur \u00e0 votre maison en augmentant sa taille et inclure tout, d&#8217;une nouvelle suite parentale avec une salle de bain compl\u00e8te \u00e0 une cuisine en saillie. Ottawa Home Pros est l\u00e0 pour vous aider et devrait \u00eatre votre principale source de r\u00e9novation domiciliaire.<\/p>\n<p>[\/et_pb_text][\/et_pb_column_inner][\/et_pb_row_inner][\/et_pb_column][\/et_pb_section][et_pb_section fb_built=&#8221;1&#8243; _builder_version=&#8221;4.16&#8243; custom_padding=&#8221;70px||70px||true|&#8221; global_colors_info=&#8221;{}&#8221;][et_pb_row _builder_version=&#8221;4.16&#8243; global_colors_info=&#8221;{}&#8221;][et_pb_column type=&#8221;4_4&#8243; _builder_version=&#8221;4.16&#8243; global_colors_info=&#8221;{}&#8221;][et_pb_text _builder_version=&#8221;4.19.5&#8243; custom_margin=&#8221;||8px|||&#8221; hover_enabled=&#8221;0&#8243; locked=&#8221;off&#8221; global_colors_info=&#8221;{}&#8221; sticky_enabled=&#8221;0&#8243;]<\/p>\n<h2>Types d&#8217;ajouts<\/h2>\n<p>[\/et_pb_text][et_pb_text _builder_version=&#8221;4.19.5&#8243; custom_margin=&#8221;||-3px|||&#8221; hover_enabled=&#8221;0&#8243; locked=&#8221;off&#8221; global_colors_info=&#8221;{}&#8221; sticky_enabled=&#8221;0&#8243;]<\/p>\n<ul>\n<li><strong>Rez-de-chauss\u00e9e<\/strong> &#8211; Il s&#8217;agit de construire une pi\u00e8ce sur les murs actuels de la maison.<\/li>\n<li><strong>Niveau de l&#8217;\u00e9tage<\/strong> &#8211; Il s&#8217;agit d&#8217;ajouter un \u00e9tage au-dessus du niveau actuel de la maison. Si votre r\u00e9gion a des restrictions sur les cours et les rues, c&#8217;est un excellent moyen d&#8217;augmenter votre surface habitable sans empi\u00e9ter. Cela peut signifier l&#8217;ajout d&#8217;un \u00e9tage sup\u00e9rieur ou d&#8217;une ou plusieurs pi\u00e8ces au-dessus d&#8217;un garage.<\/li>\n<li><strong>Arri\u00e8re ou lat\u00e9ral<\/strong> &#8211; Si vous voulez \u00e9viter les escaliers mais que vous avez encore besoin d&#8217;espace suppl\u00e9mentaire, c&#8217;est la r\u00e9ponse. Bien que cela r\u00e9duise la taille de votre cour et puisse affecter l&#8217;am\u00e9nagement paysager, c&#8217;est un excellent moyen d&#8217;augmenter la taille d&#8217;une cuisine ou d&#8217;ajouter une autre pi\u00e8ce.<\/li>\n<li><strong>Fa\u00e7ade<\/strong> \u2013 Ces ajouts peuvent \u00eatre utilis\u00e9s pour agrandir les espaces de vie \u00e0 l&#8217;avant des maisons plus anciennes ou pour ajouter plus d&#8217;espace de rangement ou de placard. Il est souvent prolong\u00e9 au-dessus d&#8217;un porche ou d&#8217;une all\u00e9e existants.<\/li>\n<li><strong>Split Level<\/strong> &#8211; Il s&#8217;agit d&#8217;une option viable si vous souhaitez \u00e9viter l&#8217;ajout d&#8217;une histoire compl\u00e8te.<\/li>\n<\/ul>\n<p>[\/et_pb_text][\/et_pb_column][\/et_pb_row][et_pb_row column_structure=&#8221;2_3,1_3&#8243; use_custom_gutter=&#8221;on&#8221; gutter_width=&#8221;2&#8243; make_equal=&#8221;on&#8221; custom_padding_last_edited=&#8221;on|tablet&#8221; _builder_version=&#8221;4.16&#8243; width=&#8221;100%&#8221; custom_margin=&#8221;||||false|false&#8221; custom_margin_tablet=&#8221;||||false|false&#8221; custom_margin_phone=&#8221;&#8221; custom_margin_last_edited=&#8221;on|tablet&#8221; custom_padding=&#8221;|120px||50px|false|false&#8221; custom_padding_tablet=&#8221;|50px|||false|false&#8221; custom_padding_phone=&#8221;&#8221; global_colors_info=&#8221;{}&#8221;][et_pb_column type=&#8221;2_3&#8243; _builder_version=&#8221;4.16&#8243; global_colors_info=&#8221;{}&#8221;][et_pb_image src=&#8221;https:\/\/ottawahomepros.com\/wp-content\/uploads\/2020\/08\/architectural-drawing.jpg&#8221; title_text=&#8221;architectural-drawing&#8221; align=&#8221;right&#8221; align_tablet=&#8221;center&#8221; align_phone=&#8221;&#8221; align_last_edited=&#8221;on|tablet&#8221; _builder_version=&#8221;4.16&#8243; width_tablet=&#8221;100%&#8221; width_phone=&#8221;&#8221; width_last_edited=&#8221;on|tablet&#8221; custom_margin_tablet=&#8221;||50px||false|false&#8221; custom_margin_phone=&#8221;&#8221; custom_margin_last_edited=&#8221;on|tablet&#8221; global_colors_info=&#8221;{}&#8221;][\/et_pb_image][\/et_pb_column][et_pb_column type=&#8221;1_3&#8243; _builder_version=&#8221;4.16&#8243; background_image=&#8221;https:\/\/ottawahomepros.com\/wp-content\/uploads\/2016\/01\/general-contractor.jpg&#8221; background_size=&#8221;contain&#8221; background_position=&#8221;bottom_center&#8221; global_colors_info=&#8221;{}&#8221;][et_pb_divider show_divider=&#8221;off&#8221; _builder_version=&#8221;4.16&#8243; custom_padding=&#8221;200px||200px||true|false&#8221; custom_padding_tablet=&#8221;250px||250px||true|false&#8221; custom_padding_phone=&#8221;&#8221; custom_padding_last_edited=&#8221;on|tablet&#8221; global_colors_info=&#8221;{}&#8221;][\/et_pb_divider][\/et_pb_column][\/et_pb_row][\/et_pb_section][et_pb_section fb_built=&#8221;1&#8243; _builder_version=&#8221;4.16&#8243; background_color=&#8221;#f0f0f2&#8243; global_colors_info=&#8221;{}&#8221;][et_pb_row _builder_version=&#8221;4.16&#8243; custom_padding=&#8221;||0px||false|false&#8221; global_colors_info=&#8221;{}&#8221;][et_pb_column type=&#8221;4_4&#8243; _builder_version=&#8221;4.16&#8243; global_colors_info=&#8221;{}&#8221;][et_pb_text _builder_version=&#8221;4.19.5&#8243; hover_enabled=&#8221;0&#8243; global_colors_info=&#8221;{}&#8221; sticky_enabled=&#8221;0&#8243;]<\/p>\n<h2>Des id\u00e9es pour votre agrandissement de maison<\/h2>\n<p>[\/et_pb_text][\/et_pb_column][\/et_pb_row][et_pb_row _builder_version=&#8221;4.16&#8243; custom_padding=&#8221;3px|||||&#8221; global_colors_info=&#8221;{}&#8221;][et_pb_column type=&#8221;4_4&#8243; _builder_version=&#8221;4.16&#8243; global_colors_info=&#8221;{}&#8221;][et_pb_text _builder_version=&#8221;4.16&#8243; custom_margin=&#8221;||0px|||&#8221; global_colors_info=&#8221;{}&#8221;][pinterest_gallery id=&#8221;2448&#8243;][\/et_pb_text][et_pb_button button_url=&#8221;https:\/\/ottawahomepros.com\/reno-101\/ideas\/additions\/&#8221; button_text=&#8221;+ more home addition ideas&#8221; button_alignment=&#8221;right&#8221; _builder_version=&#8221;4.16&#8243; custom_button=&#8221;on&#8221; button_text_size=&#8221;16px&#8221; button_text_color=&#8221;#007fff&#8221; button_bg_color=&#8221;rgba(0,0,0,0)&#8221; button_border_width=&#8221;0px&#8221; button_border_color=&#8221;rgba(0,0,0,0)&#8221; button_use_icon=&#8221;off&#8221; global_colors_info=&#8221;{}&#8221;][\/et_pb_button][\/et_pb_column][\/et_pb_row][\/et_pb_section][et_pb_section fb_built=&#8221;1&#8243; disabled_on=&#8221;off|off|on&#8221; _builder_version=&#8221;4.16&#8243; background_color=&#8221;#f0f0f2&#8243; custom_padding=&#8221;60px||3px|||&#8221; global_colors_info=&#8221;{}&#8221;][et_pb_row column_structure=&#8221;1_3,1_3,1_3&#8243; custom_padding_last_edited=&#8221;on|tablet&#8221; _builder_version=&#8221;4.16&#8243; custom_margin_tablet=&#8221;||||false|false&#8221; custom_margin_phone=&#8221;&#8221; custom_margin_last_edited=&#8221;on|tablet&#8221; custom_padding=&#8221;||1px|||&#8221; custom_padding_tablet=&#8221;||||false|false&#8221; custom_padding_phone=&#8221;2px||||false|false&#8221; global_colors_info=&#8221;{}&#8221;][et_pb_column type=&#8221;1_3&#8243; _builder_version=&#8221;4.16&#8243; global_colors_info=&#8221;{}&#8221;][\/et_pb_column][et_pb_column type=&#8221;1_3&#8243; _builder_version=&#8221;4.16&#8243; global_colors_info=&#8221;{}&#8221;][et_pb_sidebar area=&#8221;et_pb_widget_area_6&#8243; show_border=&#8221;off&#8221; _builder_version=&#8221;4.16&#8243; custom_margin=&#8221;||-4px|||&#8221; global_colors_info=&#8221;{}&#8221;][\/et_pb_sidebar][\/et_pb_column][et_pb_column type=&#8221;1_3&#8243; _builder_version=&#8221;4.16&#8243; global_colors_info=&#8221;{}&#8221;][\/et_pb_column][\/et_pb_row][\/et_pb_section][et_pb_section fb_built=&#8221;1&#8243; _builder_version=&#8221;4.16&#8243; use_background_color_gradient=&#8221;on&#8221; background_color_gradient_stops=&#8221;rgba(0,0,0,0.8) 0%|rgba(51,51,51,0.85) 100%&#8221; background_color_gradient_overlays_image=&#8221;on&#8221; background_color_gradient_start=&#8221;rgba(0,0,0,0.8)&#8221; background_color_gradient_end=&#8221;rgba(51,51,51,0.85)&#8221; background_image=&#8221;https:\/\/ottawahomepros.com\/wp-content\/uploads\/2016\/01\/renovation-3.jpg&#8221; custom_padding=&#8221;80px||80px||true|&#8221; locked=&#8221;off&#8221; global_colors_info=&#8221;{}&#8221;][et_pb_row _builder_version=&#8221;4.16&#8243; custom_padding=&#8221;50px|50px|50px|50px|true|true&#8221; border_width_all=&#8221;4px&#8221; border_color_all=&#8221;#FFFFFF&#8221; global_colors_info=&#8221;{}&#8221;][et_pb_column type=&#8221;4_4&#8243; _builder_version=&#8221;4.16&#8243; global_colors_info=&#8221;{}&#8221;][et_pb_text _builder_version=&#8221;4.19.5&#8243; header_2_text_align=&#8221;center&#8221; header_2_text_color=&#8221;#FFFFFF&#8221; custom_margin=&#8221;||15px||false|false&#8221; hover_enabled=&#8221;0&#8243; locked=&#8221;off&#8221; global_colors_info=&#8221;{}&#8221; sticky_enabled=&#8221;0&#8243;]<\/p>\n<h2>Ottawa Home Pros offre des services d&#8217;agrandissement de maison dans la r\u00e9gion d&#8217;Ottawa.<\/h2>\n<p>[\/et_pb_text][et_pb_text _builder_version=&#8221;4.19.5&#8243; text_text_color=&#8221;#FFFFFF&#8221; text_font_size=&#8221;20px&#8221; text_line_height=&#8221;1.5em&#8221; link_text_color=&#8221;#FFFFFF&#8221; header_4_font=&#8221;Montserrat|600|||||||&#8221; header_4_text_align=&#8221;center&#8221; header_4_text_color=&#8221;#ffffff&#8221; text_orientation=&#8221;center&#8221; hover_enabled=&#8221;0&#8243; global_colors_info=&#8221;{}&#8221; sticky_enabled=&#8221;0&#8243;]<\/p>\n<p>Donnez \u00e0 nos entrepreneurs g\u00e9n\u00e9raux d&#8217;Ottawa une chance de gagner votre confiance et votre entreprise.<br \/>Appelez-nous d\u00e8s aujourd&#8217;hui au (613) 288-9145 pour votre prochain projet d&#8217;agrandissement de maison.<\/p>\n<p>[\/et_pb_text][et_pb_button button_url=&#8221;https:\/\/ottawahomepros.com\/contact\/&#8221; button_text=&#8221;Obtenez un devis aujourd&#8217;hui&#8221; button_alignment=&#8221;center&#8221; _builder_version=&#8221;4.19.5&#8243; custom_button=&#8221;on&#8221; button_text_color=&#8221;#FFFFFF&#8221; button_bg_color=&#8221;#085bad&#8221; button_border_width=&#8221;0px&#8221; button_border_radius=&#8221;0px&#8221; button_use_icon=&#8221;off&#8221; custom_padding=&#8221;15px||15px||true|false&#8221; hover_enabled=&#8221;0&#8243; locked=&#8221;off&#8221; global_colors_info=&#8221;{}&#8221; button_bg_color__hover=&#8221;#064ba0&#8243; button_bg_enable_color__hover=&#8221;on&#8221; button_bg_color__hover_enabled=&#8221;on|hover&#8221; sticky_enabled=&#8221;0&#8243;][\/et_pb_button][\/et_pb_column][\/et_pb_row][\/et_pb_section][et_pb_section fb_built=&#8221;1&#8243; _builder_version=&#8221;4.16&#8243; background_color=&#8221;#f0f0f2&#8243; custom_padding=&#8221;80px||80px||true|&#8221; locked=&#8221;off&#8221; global_colors_info=&#8221;{}&#8221;][et_pb_row _builder_version=&#8221;4.16&#8243; global_colors_info=&#8221;{}&#8221;][et_pb_column type=&#8221;4_4&#8243; _builder_version=&#8221;4.16&#8243; global_colors_info=&#8221;{}&#8221;][et_pb_text _builder_version=&#8221;4.19.5&#8243; header_2_text_align=&#8221;left&#8221; hover_enabled=&#8221;0&#8243; global_colors_info=&#8221;{}&#8221; sticky_enabled=&#8221;0&#8243;]<\/p>\n<h2>Articles sur les ajouts \u00e0 la maison<\/h2>\n<p>[\/et_pb_text][\/et_pb_column][\/et_pb_row][et_pb_row _builder_version=&#8221;4.16&#8243; custom_padding=&#8221;1px|||||&#8221; global_colors_info=&#8221;{}&#8221;][et_pb_column type=&#8221;4_4&#8243; _builder_version=&#8221;4.16&#8243; global_colors_info=&#8221;{}&#8221;][et_pb_blog fullwidth=&#8221;off&#8221; posts_number=&#8221;3&#8243; include_categories=&#8221;63&#8243; excerpt_length=&#8221;150&#8243; show_more=&#8221;on&#8221; show_author=&#8221;off&#8221; show_date=&#8221;off&#8221; show_categories=&#8221;off&#8221; show_pagination=&#8221;off&#8221; _builder_version=&#8221;4.16&#8243; read_more_font=&#8221;|||on|||||&#8221; read_more_font_size=&#8221;16px&#8221; border_width_all=&#8221;0px&#8221; box_shadow_style=&#8221;preset3&#8243; box_shadow_vertical=&#8221;5px&#8221; box_shadow_blur=&#8221;17px&#8221; global_colors_info=&#8221;{}&#8221;][\/et_pb_blog][\/et_pb_column][\/et_pb_row][\/et_pb_section]<\/p>\n","protected":false},"excerpt":{"rendered":"<p>Agrandissements de maison OttawaServices de r\u00e9novation domiciliaireNous vous aidons tout au long de la conception, du processus de s\u00e9lection des produits et de la r\u00e9alisation par notre expert de l&#8217;ajout de votre maison de r\u00eave.Appelez-nous au (613)-288-9145.Lorsqu&#8217;il s&#8217;agit de r\u00e9novations, de r\u00e9novations et d&#8217;ajouts de nouvelles maisons, contactez Ottawa Home Pros pour une estimation. Nous [&hellip;]<\/p>\n","protected":false},"author":1,"featured_media":0,"parent":8320,"menu_order":0,"comment_status":"closed","ping_status":"closed","template":"","meta":{"_et_pb_use_builder":"on","_et_pb_old_content":"","_et_gb_content_width":"","footnotes":""},"class_list":["post-8827","page","type-page","status-publish","hentry"],"_links":{"self":[{"href":"https:\/\/ottawahomepros.com\/fr\/wp-json\/wp\/v2\/pages\/8827","targetHints":{"allow":["GET"]}}],"collection":[{"href":"https:\/\/ottawahomepros.com\/fr\/wp-json\/wp\/v2\/pages"}],"about":[{"href":"https:\/\/ottawahomepros.com\/fr\/wp-json\/wp\/v2\/types\/page"}],"author":[{"embeddable":true,"href":"https:\/\/ottawahomepros.com\/fr\/wp-json\/wp\/v2\/users\/1"}],"replies":[{"embeddable":true,"href":"https:\/\/ottawahomepros.com\/fr\/wp-json\/wp\/v2\/comments?post=8827"}],"version-history":[{"count":3,"href":"https:\/\/ottawahomepros.com\/fr\/wp-json\/wp\/v2\/pages\/8827\/revisions"}],"predecessor-version":[{"id":8832,"href":"https:\/\/ottawahomepros.com\/fr\/wp-json\/wp\/v2\/pages\/8827\/revisions\/8832"}],"up":[{"embeddable":true,"href":"https:\/\/ottawahomepros.com\/fr\/wp-json\/wp\/v2\/pages\/8320"}],"wp:attachment":[{"href":"https:\/\/ottawahomepros.com\/fr\/wp-json\/wp\/v2\/media?parent=8827"}],"curies":[{"name":"wp","href":"https:\/\/api.w.org\/{rel}","templated":true}]}}