{"id":8719,"date":"2016-01-31T17:26:55","date_gmt":"2016-01-31T17:26:55","guid":{"rendered":"https:\/\/gifted-rhodes.148-230-94-221.plesk.page\/prestations-de-service\/kitchen-reno\/"},"modified":"2023-02-14T14:07:28","modified_gmt":"2023-02-14T14:07:28","slug":"renovations-de-cuisine","status":"publish","type":"page","link":"https:\/\/ottawahomepros.com\/fr\/prestations-de-service\/renovations-de-cuisine\/","title":{"rendered":"R\u00e9novations de cuisine"},"content":{"rendered":"<p>[et_pb_section fb_built=&#8221;1&#8243; specialty=&#8221;on&#8221; padding_right_1=&#8221;0px&#8221; padding_right_2=&#8221;0px&#8221; padding_left_1=&#8221;0px&#8221; padding_left_2=&#8221;0px&#8221; padding_top_bottom_link_1=&#8221;false&#8221; padding_top_bottom_link_2=&#8221;false&#8221; padding_left_right_link_1=&#8221;true&#8221; padding_left_right_link_2=&#8221;true&#8221; _builder_version=&#8221;4.16&#8243; background_color=&#8221;#ededef&#8221; custom_padding=&#8221;||||false|false&#8221; global_colors_info=&#8221;{}&#8221;][et_pb_column type=&#8221;1_4&#8243; _builder_version=&#8221;4.16&#8243; custom_padding=&#8221;|||&#8221; global_colors_info=&#8221;{}&#8221; custom_padding__hover=&#8221;|||&#8221;][et_pb_sidebar area=&#8221;et_pb_widget_area_3&#8243; disabled_on=&#8221;on|on|off&#8221; _builder_version=&#8221;4.16&#8243; hover_enabled=&#8221;0&#8243; global_colors_info=&#8221;{}&#8221; sticky_enabled=&#8221;0&#8243;][\/et_pb_sidebar][\/et_pb_column][et_pb_column type=&#8221;3_4&#8243; specialty_columns=&#8221;3&#8243; _builder_version=&#8221;4.16&#8243; custom_padding=&#8221;|||&#8221; global_colors_info=&#8221;{}&#8221; custom_padding__hover=&#8221;|||&#8221;][et_pb_row_inner _builder_version=&#8221;4.16&#8243; use_background_color_gradient=&#8221;on&#8221; background_color_gradient_direction=&#8221;90deg&#8221; background_color_gradient_stops=&#8221;rgba(0,86,171,0.62) 0%|rgba(0,127,255,0.39) 100%&#8221; background_color_gradient_overlays_image=&#8221;on&#8221; background_color_gradient_start=&#8221;rgba(0,86,171,0.62)&#8221; background_color_gradient_end=&#8221;rgba(0,127,255,0.39)&#8221; background_image=&#8221;https:\/\/ottawahomepros.com\/wp-content\/uploads\/2016\/01\/renovation-1.jpg&#8221; width=&#8221;100%&#8221; custom_padding=&#8221;80px|50px|80px|50px|true|true&#8221; locked=&#8221;off&#8221; global_colors_info=&#8221;{}&#8221;][et_pb_column_inner saved_specialty_column_type=&#8221;3_4&#8243; _builder_version=&#8221;4.16&#8243; global_colors_info=&#8221;{}&#8221;][et_pb_text quote_border_color=&#8221;#217ffc&#8221; _builder_version=&#8221;4.19.5&#8243; text_font=&#8221;Open Sans||||||||&#8221; link_font=&#8221;Open Sans|600|||||||&#8221; link_text_color=&#8221;#217ffc&#8221; ol_font=&#8221;||||||||&#8221; quote_font=&#8221;Open Sans||||||||&#8221; quote_text_color=&#8221;#111111&#8243; header_2_text_align=&#8221;center&#8221; header_2_text_color=&#8221;#ffffff&#8221; custom_margin=&#8221;||6px|||&#8221; hover_enabled=&#8221;0&#8243; global_colors_info=&#8221;{}&#8221; sticky_enabled=&#8221;0&#8243;]<\/p>\n<h2>R\u00e9novation et r\u00e9novation de cuisine \u00e0 Ottawa<\/h2>\n<p>[\/et_pb_text][et_pb_divider show_divider=&#8221;off&#8221; _builder_version=&#8221;4.16&#8243; width=&#8221;80%&#8221; module_alignment=&#8221;center&#8221; border_width_top=&#8221;5px&#8221; border_color_top=&#8221;#d97c50&#8243; global_colors_info=&#8221;{}&#8221;][\/et_pb_divider][et_pb_text quote_border_color=&#8221;#217ffc&#8221; _builder_version=&#8221;4.19.5&#8243; text_font=&#8221;Open Sans||||||||&#8221; text_text_color=&#8221;#ffffff&#8221; text_font_size=&#8221;18px&#8221; link_font=&#8221;Open Sans|600|||||||&#8221; link_text_color=&#8221;#217ffc&#8221; ol_font=&#8221;||||||||&#8221; quote_font=&#8221;Open Sans||||||||&#8221; quote_text_color=&#8221;#111111&#8243; header_font=&#8221;Nunito Sans|800||on|||||&#8221; header_text_color=&#8221;#217ffc&#8221; header_2_font=&#8221;Nunito Sans|800||on|||||&#8221; header_2_text_color=&#8221;#217ffc&#8221; header_3_font=&#8221;Nunito Sans|700|||||||&#8221; header_3_text_align=&#8221;center&#8221; header_3_text_color=&#8221;#ffffff&#8221; header_4_font=&#8221;Nunito Sans|700|||||||&#8221; header_4_text_color=&#8221;#111111&#8243; header_5_font=&#8221;Nunito Sans|900||on|||||&#8221; header_5_text_color=&#8221;#217ffc&#8221; header_6_font=&#8221;Nunito Sans|900||on|||||&#8221; header_6_text_color=&#8221;#111111&#8243; hover_enabled=&#8221;0&#8243; global_colors_info=&#8221;{}&#8221; sticky_enabled=&#8221;0&#8243;]<\/p>\n<h3>Services de r\u00e9novation domiciliaire<\/h3>\n<p>[\/et_pb_text][\/et_pb_column_inner][\/et_pb_row_inner][et_pb_row_inner _builder_version=&#8221;4.16&#8243; global_colors_info=&#8221;{}&#8221;][et_pb_column_inner saved_specialty_column_type=&#8221;3_4&#8243; _builder_version=&#8221;4.16&#8243; global_colors_info=&#8221;{}&#8221;][et_pb_text _builder_version=&#8221;4.19.5&#8243; custom_margin=&#8221;||18px||false|false&#8221; hover_enabled=&#8221;0&#8243; locked=&#8221;off&#8221; global_colors_info=&#8221;{}&#8221; sticky_enabled=&#8221;0&#8243;]<\/p>\n<h3>Donnez \u00e0 votre cuisine le relooking qu&#8217;elle m\u00e9rite ! Notre \u00e9quipe d&#8217;experts est impatiente de venir vous aider avec toutes vos id\u00e9es de r\u00e9novation. De plus, nous fournissons des estimations gratuites &#8211; appelez-nous au (613)-288-9145 pour commencer d\u00e8s aujourd&#8217;hui \u00e0 am\u00e9liorer votre cuisine.<\/h3>\n<p>[\/et_pb_text][et_pb_video src=&#8221;https:\/\/www.youtube.com\/watch?v=ycIo_H7LeVw&#038;ab&#8221; thumbnail_overlay_color=&#8221;rgba(0,0,0,0.6)&#8221; _builder_version=&#8221;4.16&#8243; global_colors_info=&#8221;{}&#8221;][\/et_pb_video][\/et_pb_column_inner][\/et_pb_row_inner][\/et_pb_column][\/et_pb_section][et_pb_section fb_built=&#8221;1&#8243; _builder_version=&#8221;4.16&#8243; custom_padding=&#8221;70px||70px||true|&#8221; global_colors_info=&#8221;{}&#8221;][et_pb_row _builder_version=&#8221;4.16&#8243; custom_margin=&#8221;||||false|false&#8221; custom_padding=&#8221;0px|50px|0px|50px|false|false&#8221; global_colors_info=&#8221;{}&#8221;][et_pb_column type=&#8221;4_4&#8243; _builder_version=&#8221;4.16&#8243; global_colors_info=&#8221;{}&#8221;][et_pb_text _builder_version=&#8221;4.16&#8243; custom_margin=&#8221;||10px||false|false&#8221; global_colors_info=&#8221;{}&#8221;]<\/p>\n<h3>La cuisine est la pi\u00e8ce la plus populaire de la maison<\/h3>\n<p>[\/et_pb_text][\/et_pb_column][\/et_pb_row][et_pb_row column_structure=&#8221;3_5,2_5&#8243; _builder_version=&#8221;4.16&#8243; custom_padding=&#8221;0px||50px||false|false&#8221; global_colors_info=&#8221;{}&#8221;][et_pb_column type=&#8221;3_5&#8243; _builder_version=&#8221;4.16&#8243; custom_padding=&#8221;|||50px|false|false&#8221; global_colors_info=&#8221;{}&#8221;][et_pb_text _builder_version=&#8221;4.19.5&#8243; hover_enabled=&#8221;0&#8243; global_colors_info=&#8221;{}&#8221; sticky_enabled=&#8221;0&#8243;]<\/p>\n<p>Les professionnels de la maison d&#8217;Ottawa comprennent l&#8217;importance de votre cuisine, car c&#8217;est l\u00e0 que les souvenirs pr\u00e9cieux sont cr\u00e9\u00e9s et partag\u00e9s. Investir dans une r\u00e9novation peut \u00eatre d\u00e9courageant avec autant de pi\u00e8ces mobiles, mais l&#8217;expertise de notre \u00e9quipe rassemble des plans soigneusement con\u00e7us qui englobent toutes les parties pour une mise en \u0153uvre r\u00e9ussie du d\u00e9but \u00e0 la fin. Nous vous assignons un chef de projet exp\u00e9riment\u00e9 qui fournira des conseils uniques \u00e0 chaque \u00e9tape de ce voyage &#8211; cr\u00e9ant l&#8217;environnement parfait pour des rassemblements heureux\u00a0!<\/p>\n<p>Nous mettons \u00e0 votre disposition des vendeurs professionnels d&#8217;armoires de cuisine, des fabricants de comptoirs, des plombiers, des \u00e9lectriciens, des carreleurs et des peintres pour vous offrir la cuisine dont tous vos amis parleront. Qu&#8217;il s&#8217;agisse d&#8217;un simple lifting ou d&#8217;une r\u00e9novation compl\u00e8te, Ottawa Home Pros, nous sommes l\u00e0 pour nous assurer que la r\u00e9novation de votre cuisine en est une dont votre famille, vos invit\u00e9s et vous pourrez profiter pendant des ann\u00e9es. Nous travaillons avec des projets de toutes tailles et de toutes envergures. De la cr\u00e9ation de ce magnifique niveau principal \u00e0 concept ouvert aux mises \u00e0 niveau du rouge \u00e0 l\u00e8vres et du vernis \u00e0 ongles. Comme le changement d&#8217;un comptoir et d&#8217;un dosseret. Une belle cuisine n&#8217;a pas \u00e0 co\u00fbter tr\u00e8s cher.<\/p>\n<p>[\/et_pb_text][\/et_pb_column][et_pb_column type=&#8221;2_5&#8243; _builder_version=&#8221;4.16&#8243; global_colors_info=&#8221;{}&#8221;][et_pb_text _builder_version=&#8221;4.16&#8243; global_colors_info=&#8221;{}&#8221;]<\/p>\n<p><strong>Ottawa Home Pros specializes in:<\/strong><\/p>\n<ul>\n<li><a href=\"https:\/\/ottawahomepros.com\/services\/kitchen-reno\/kitchen-cabinets\/\">Kitchen cabinets<\/a><\/li>\n<li><a href=\"https:\/\/ottawahomepros.com\/services\/kitchen-reno\/countertops\/\">Countertops<\/a><\/li>\n<li><a href=\"https:\/\/ottawahomepros.com\/services\/kitchen-reno\/island-installation\/\">Kitchen Islands<\/a><\/li>\n<li><a href=\"https:\/\/ottawahomepros.com\/services\/kitchen-reno\/ikea-kitchens\/\">Ikea Kitchens<\/a><\/li>\n<li><a href=\"https:\/\/ottawahomepros.com\/services\/kitchen-reno\/cabinet-refacing\/\">Cabinet Refacing<\/a><\/li>\n<li>Sinks<\/li>\n<li>Flooring<\/li>\n<li>And much more<\/li>\n<\/ul>\n<p>[\/et_pb_text][\/et_pb_column][\/et_pb_row][et_pb_row column_structure=&#8221;1_2,1_2&#8243; _builder_version=&#8221;4.16&#8243; use_background_color_gradient=&#8221;on&#8221; background_color_gradient_direction=&#8221;90deg&#8221; background_color_gradient_stops=&#8221;rgba(69,69,69,0) 0%|#0a0000 100%&#8221; background_color_gradient_overlays_image=&#8221;on&#8221; background_color_gradient_start=&#8221;rgba(69,69,69,0)&#8221; background_color_gradient_end=&#8221;#0a0000&#8243; background_image=&#8221;https:\/\/ottawahomepros.com\/wp-content\/uploads\/2021\/08\/465Woodland_Kitchen-2.jpg&#8221; global_colors_info=&#8221;{}&#8221;][et_pb_column type=&#8221;1_2&#8243; _builder_version=&#8221;4.16&#8243; global_colors_info=&#8221;{}&#8221;][\/et_pb_column][et_pb_column type=&#8221;1_2&#8243; _builder_version=&#8221;4.16&#8243; global_colors_info=&#8221;{}&#8221;][et_pb_text _builder_version=&#8221;4.19.5&#8243; text_text_color=&#8221;#ffffff&#8221; text_font_size=&#8221;18px&#8221; header_2_text_color=&#8221;#ffffff&#8221; custom_padding=&#8221;50px|50px|50px|50px|false|false&#8221; hover_enabled=&#8221;0&#8243; global_colors_info=&#8221;{}&#8221; sticky_enabled=&#8221;0&#8243;]<\/p>\n<h2 id=\"h3skv5tox5a1uojeu9yngsa71hbgwpk\">Co\u00fbts de r\u00e9novation et de r\u00e9novation de la cuisine<\/h2>\n<p>Une enqu\u00eate r\u00e9cente de Houzz a r\u00e9v\u00e9l\u00e9 que de nombreux propri\u00e9taires ne savent pas combien co\u00fbtera une r\u00e9novation de cuisine. Les co\u00fbts d&#8217;une r\u00e9novation de cuisine peuvent \u00eatre assez \u00e9lev\u00e9s. De nombreux facteurs contribuent au co\u00fbt, y compris les mat\u00e9riaux et la main-d&#8217;\u0153uvre. Le prix d\u00e9pend du type de fournitures dont vous aurez besoin, comme des armoires ou des comptoirs. De plus, plusieurs autres facteurs influent sur le prix total de votre projet : luminaires, \u00e9lectrom\u00e9nagers\/\u00e9quipements sp\u00e9cialis\u00e9s, travaux \u00e9lectriques et travaux de plomberie. En moyenne, une r\u00e9novation de cuisine co\u00fbte aujourd&#8217;hui en moyenne 200 $\/pied carr\u00e9. <a href=\"https:\/\/ottawahomepros.com\/services\/kitchen-reno\/costs\/\" title=\"Kitchen Renovation Costs\">+plus<\/a><\/p>\n<p>[\/et_pb_text][\/et_pb_column][\/et_pb_row][\/et_pb_section][et_pb_section fb_built=&#8221;1&#8243; _builder_version=&#8221;4.16&#8243; background_color=&#8221;#f0f0f2&#8243; global_colors_info=&#8221;{}&#8221;][et_pb_row _builder_version=&#8221;4.16&#8243; custom_padding=&#8221;||0px||false|false&#8221; global_colors_info=&#8221;{}&#8221;][et_pb_column type=&#8221;4_4&#8243; _builder_version=&#8221;4.16&#8243; global_colors_info=&#8221;{}&#8221;][et_pb_text _builder_version=&#8221;4.19.5&#8243; hover_enabled=&#8221;0&#8243; global_colors_info=&#8221;{}&#8221; sticky_enabled=&#8221;0&#8243;]<\/p>\n<h2>Id\u00e9es de r\u00e9novation de cuisine<\/h2>\n<p>Vous cherchez \u00e0 cuisiner comme un grand chef dans votre propre cuisine ? La conception de la cuisine est un processus complexe et en constante \u00e9volution. Pour vous assurer de rester au courant des derni\u00e8res tendances, nous avons s\u00e9lectionn\u00e9 certaines de nos id\u00e9es pr\u00e9f\u00e9r\u00e9es pour les projets de r\u00e9novation &#8211; chaque d\u00e9tail compte, alors r\u00e9unissons cet espace de r\u00eave\u00a0!<\/p>\n<p>[\/et_pb_text][\/et_pb_column][\/et_pb_row][et_pb_row _builder_version=&#8221;4.16&#8243; custom_padding=&#8221;3px|||||&#8221; global_colors_info=&#8221;{}&#8221;][et_pb_column type=&#8221;4_4&#8243; _builder_version=&#8221;4.16&#8243; global_colors_info=&#8221;{}&#8221;][et_pb_text _builder_version=&#8221;4.16&#8243; custom_margin=&#8221;||0px|||&#8221; global_colors_info=&#8221;{}&#8221;][pinterest_gallery id=&#8221;2414&#8243;][\/et_pb_text][et_pb_button button_url=&#8221;https:\/\/ottawahomepros.com\/reno-101\/ideas\/kitchens\/&#8221; button_text=&#8221;+ d&#8217;autres id\u00e9es de r\u00e9novation de cuisine&#8221; button_alignment=&#8221;right&#8221; _builder_version=&#8221;4.19.5&#8243; custom_button=&#8221;on&#8221; button_text_size=&#8221;16px&#8221; button_text_color=&#8221;#007fff&#8221; button_bg_color=&#8221;rgba(0,0,0,0)&#8221; button_border_width=&#8221;0px&#8221; button_border_color=&#8221;rgba(0,0,0,0)&#8221; button_use_icon=&#8221;off&#8221; hover_enabled=&#8221;0&#8243; global_colors_info=&#8221;{}&#8221; sticky_enabled=&#8221;0&#8243;][\/et_pb_button][\/et_pb_column][\/et_pb_row][\/et_pb_section][et_pb_section fb_built=&#8221;1&#8243; _builder_version=&#8221;4.16&#8243; global_colors_info=&#8221;{}&#8221;][et_pb_row column_structure=&#8221;1_2,1_2&#8243; _builder_version=&#8221;4.16&#8243; use_background_color_gradient=&#8221;on&#8221; background_color_gradient_direction=&#8221;90deg&#8221; background_color_gradient_stops=&#8221;rgba(69,69,69,0) 0%|#454545 100%&#8221; background_color_gradient_overlays_image=&#8221;on&#8221; background_color_gradient_start=&#8221;rgba(69,69,69,0)&#8221; background_color_gradient_end=&#8221;#454545&#8243; background_image=&#8221;https:\/\/ottawahomepros.com\/wp-content\/uploads\/2021\/08\/Topaze_Kitchen_5.jpg&#8221; global_colors_info=&#8221;{}&#8221;][et_pb_column type=&#8221;1_2&#8243; _builder_version=&#8221;4.16&#8243; global_colors_info=&#8221;{}&#8221;][\/et_pb_column][et_pb_column type=&#8221;1_2&#8243; _builder_version=&#8221;4.16&#8243; global_colors_info=&#8221;{}&#8221;][et_pb_text _builder_version=&#8221;4.19.5&#8243; text_text_color=&#8221;#ffffff&#8221; text_font_size=&#8221;18px&#8221; header_2_text_color=&#8221;#ffffff&#8221; custom_padding=&#8221;50px|50px|50px|50px|false|false&#8221; hover_enabled=&#8221;0&#8243; global_colors_info=&#8221;{}&#8221; sticky_enabled=&#8221;0&#8243;]<\/p>\n<h2 id=\"h8skv5tq5zedzud1h18cakf63x3c5j\">Pourquoi choisir Ottawa Home Pros pour votre projet de r\u00e9novation de cuisine?<\/h2>\n<p>Si vous envisagez de r\u00e9nover votre cuisine dans la r\u00e9gion d&#8217;Ottawa, appelez-nous d\u00e8s aujourd&#8217;hui pour une consultation. Nous offrons un service client imbattable et un travail de haute qualit\u00e9 pour rendre votre r\u00e9novation de cuisine unique en son genre. Nos r\u00e9novateurs de cuisine experts aideront \u00e0 cr\u00e9er un espace incroyable qui non seulement r\u00e9pond \u00e0 tous nos besoins, mais les d\u00e9passe \u00e9galement. Pensez \u00e0 un beau design d&#8217;int\u00e9rieur avec des fonctionnalit\u00e9s technologiques de pointe telles que des lumi\u00e8res \u00e0 commande vocale, des t\u00e9l\u00e9viseurs de cuisine ou des appareils intelligents. <a href=\"https:\/\/ottawahomepros.com\/services\/kitchen-reno\/why\/\" title=\"Why Choose Us\">+ plus<\/a><\/p>\n<p>[\/et_pb_text][\/et_pb_column][\/et_pb_row][\/et_pb_section][et_pb_section fb_built=&#8221;1&#8243; _builder_version=&#8221;4.16&#8243; background_color=&#8221;#f0f0f2&#8243; custom_padding=&#8221;80px||80px||true|&#8221; locked=&#8221;off&#8221; global_colors_info=&#8221;{}&#8221;][et_pb_row _builder_version=&#8221;4.16&#8243; global_colors_info=&#8221;{}&#8221;][et_pb_column type=&#8221;4_4&#8243; _builder_version=&#8221;4.16&#8243; global_colors_info=&#8221;{}&#8221;][et_pb_text _builder_version=&#8221;4.19.5&#8243; header_2_text_align=&#8221;left&#8221; hover_enabled=&#8221;0&#8243; global_colors_info=&#8221;{}&#8221; sticky_enabled=&#8221;0&#8243;]<\/p>\n<h2>Articles de r\u00e9novation de cuisine<\/h2>\n<p>[\/et_pb_text][\/et_pb_column][\/et_pb_row][et_pb_row _builder_version=&#8221;4.16&#8243; custom_padding=&#8221;1px|||||&#8221; global_colors_info=&#8221;{}&#8221;][et_pb_column type=&#8221;4_4&#8243; _builder_version=&#8221;4.16&#8243; global_colors_info=&#8221;{}&#8221;][et_pb_blog fullwidth=&#8221;off&#8221; posts_number=&#8221;3&#8243; include_categories=&#8221;22&#8243; excerpt_length=&#8221;150&#8243; show_more=&#8221;on&#8221; show_author=&#8221;off&#8221; show_date=&#8221;off&#8221; show_categories=&#8221;off&#8221; show_pagination=&#8221;off&#8221; _builder_version=&#8221;4.16&#8243; read_more_font=&#8221;|||on|||||&#8221; read_more_font_size=&#8221;16px&#8221; border_width_all=&#8221;0px&#8221; box_shadow_style=&#8221;preset3&#8243; box_shadow_vertical=&#8221;5px&#8221; box_shadow_blur=&#8221;17px&#8221; global_colors_info=&#8221;{}&#8221;][\/et_pb_blog][\/et_pb_column][\/et_pb_row][\/et_pb_section][et_pb_section fb_built=&#8221;1&#8243; disabled_on=&#8221;off|off|on&#8221; _builder_version=&#8221;4.16&#8243; background_color=&#8221;#f0f0f2&#8243; custom_padding=&#8221;60px||3px|||&#8221; global_colors_info=&#8221;{}&#8221;][et_pb_row column_structure=&#8221;1_3,1_3,1_3&#8243; custom_padding_last_edited=&#8221;on|tablet&#8221; _builder_version=&#8221;4.16&#8243; custom_margin_tablet=&#8221;||||false|false&#8221; custom_margin_phone=&#8221;&#8221; custom_margin_last_edited=&#8221;on|tablet&#8221; custom_padding=&#8221;||1px|||&#8221; custom_padding_tablet=&#8221;||||false|false&#8221; custom_padding_phone=&#8221;2px||||false|false&#8221; global_colors_info=&#8221;{}&#8221;][et_pb_column type=&#8221;1_3&#8243; _builder_version=&#8221;4.16&#8243; global_colors_info=&#8221;{}&#8221;][\/et_pb_column][et_pb_column type=&#8221;1_3&#8243; _builder_version=&#8221;4.16&#8243; global_colors_info=&#8221;{}&#8221;][et_pb_sidebar area=&#8221;et_pb_widget_area_3&#8243; show_border=&#8221;off&#8221; _builder_version=&#8221;4.16&#8243; custom_margin=&#8221;||-4px|||&#8221; global_colors_info=&#8221;{}&#8221;][\/et_pb_sidebar][\/et_pb_column][et_pb_column type=&#8221;1_3&#8243; _builder_version=&#8221;4.16&#8243; global_colors_info=&#8221;{}&#8221;][\/et_pb_column][\/et_pb_row][\/et_pb_section][et_pb_section fb_built=&#8221;1&#8243; _builder_version=&#8221;4.16&#8243; use_background_color_gradient=&#8221;on&#8221; background_color_gradient_stops=&#8221;rgba(0,0,0,0.8) 0%|rgba(51,51,51,0.85) 100%&#8221; background_color_gradient_overlays_image=&#8221;on&#8221; background_color_gradient_start=&#8221;rgba(0,0,0,0.8)&#8221; background_color_gradient_end=&#8221;rgba(51,51,51,0.85)&#8221; background_image=&#8221;https:\/\/ottawahomepros.com\/wp-content\/uploads\/2016\/01\/renovation-3.jpg&#8221; custom_padding=&#8221;80px||80px||true|&#8221; locked=&#8221;off&#8221; global_colors_info=&#8221;{}&#8221;][et_pb_row _builder_version=&#8221;4.16&#8243; custom_padding=&#8221;50px|50px|50px|50px|true|true&#8221; border_width_all=&#8221;4px&#8221; border_color_all=&#8221;#FFFFFF&#8221; global_colors_info=&#8221;{}&#8221;][et_pb_column type=&#8221;4_4&#8243; _builder_version=&#8221;4.16&#8243; global_colors_info=&#8221;{}&#8221;][et_pb_text _builder_version=&#8221;4.19.5&#8243; header_2_text_align=&#8221;center&#8221; header_2_text_color=&#8221;#FFFFFF&#8221; custom_margin=&#8221;||15px||false|false&#8221; hover_enabled=&#8221;0&#8243; locked=&#8221;off&#8221; global_colors_info=&#8221;{}&#8221; sticky_enabled=&#8221;0&#8243;]<\/p>\n<h2>Ottawa Home Pros offre des services de r\u00e9novation de cuisine dans la r\u00e9gion d&#8217;Ottawa.<\/h2>\n<p>[\/et_pb_text][et_pb_text _builder_version=&#8221;4.19.5&#8243; text_text_color=&#8221;#FFFFFF&#8221; text_font_size=&#8221;20px&#8221; text_line_height=&#8221;1.5em&#8221; link_text_color=&#8221;#FFFFFF&#8221; header_4_font=&#8221;Montserrat|600|||||||&#8221; header_4_text_align=&#8221;center&#8221; header_4_text_color=&#8221;#ffffff&#8221; text_orientation=&#8221;center&#8221; hover_enabled=&#8221;0&#8243; global_colors_info=&#8221;{}&#8221; sticky_enabled=&#8221;0&#8243;]<\/p>\n<p>Donnez \u00e0 nos entrepreneurs g\u00e9n\u00e9raux d&#8217;Ottawa une chance de gagner votre confiance et votre entreprise.<br \/>Appelez-nous d\u00e8s aujourd&#8217;hui au (613) 288-9145 pour votre prochain projet de r\u00e9novation de cuisine.<\/p>\n<p>[\/et_pb_text][et_pb_button button_url=&#8221;https:\/\/ottawahomepros.com\/contact\/&#8221; button_text=&#8221;Obtenez un devis aujourd&#8217;hui&#8221; button_alignment=&#8221;center&#8221; _builder_version=&#8221;4.19.5&#8243; custom_button=&#8221;on&#8221; button_text_color=&#8221;#FFFFFF&#8221; button_bg_color=&#8221;#085bad&#8221; button_border_width=&#8221;0px&#8221; button_border_radius=&#8221;0px&#8221; button_use_icon=&#8221;off&#8221; custom_padding=&#8221;15px||15px||true|false&#8221; hover_enabled=&#8221;0&#8243; locked=&#8221;off&#8221; global_colors_info=&#8221;{}&#8221; button_bg_color__hover=&#8221;#064ba0&#8243; button_bg_enable_color__hover=&#8221;on&#8221; button_bg_color__hover_enabled=&#8221;on|hover&#8221; sticky_enabled=&#8221;0&#8243;][\/et_pb_button][\/et_pb_column][\/et_pb_row][\/et_pb_section]<\/p>\n","protected":false},"excerpt":{"rendered":"<p>R\u00e9novation et r\u00e9novation de cuisine \u00e0 OttawaServices de r\u00e9novation domiciliaireDonnez \u00e0 votre cuisine le relooking qu&#8217;elle m\u00e9rite ! Notre \u00e9quipe d&#8217;experts est impatiente de venir vous aider avec toutes vos id\u00e9es de r\u00e9novation. De plus, nous fournissons des estimations gratuites &#8211; appelez-nous au (613)-288-9145 pour commencer d\u00e8s aujourd&#8217;hui \u00e0 am\u00e9liorer votre cuisine.La cuisine est la [&hellip;]<\/p>\n","protected":false},"author":1,"featured_media":0,"parent":8320,"menu_order":0,"comment_status":"closed","ping_status":"closed","template":"","meta":{"_et_pb_use_builder":"on","_et_pb_old_content":"","_et_gb_content_width":"","footnotes":""},"class_list":["post-8719","page","type-page","status-publish","hentry"],"_links":{"self":[{"href":"https:\/\/ottawahomepros.com\/fr\/wp-json\/wp\/v2\/pages\/8719","targetHints":{"allow":["GET"]}}],"collection":[{"href":"https:\/\/ottawahomepros.com\/fr\/wp-json\/wp\/v2\/pages"}],"about":[{"href":"https:\/\/ottawahomepros.com\/fr\/wp-json\/wp\/v2\/types\/page"}],"author":[{"embeddable":true,"href":"https:\/\/ottawahomepros.com\/fr\/wp-json\/wp\/v2\/users\/1"}],"replies":[{"embeddable":true,"href":"https:\/\/ottawahomepros.com\/fr\/wp-json\/wp\/v2\/comments?post=8719"}],"version-history":[{"count":4,"href":"https:\/\/ottawahomepros.com\/fr\/wp-json\/wp\/v2\/pages\/8719\/revisions"}],"predecessor-version":[{"id":8727,"href":"https:\/\/ottawahomepros.com\/fr\/wp-json\/wp\/v2\/pages\/8719\/revisions\/8727"}],"up":[{"embeddable":true,"href":"https:\/\/ottawahomepros.com\/fr\/wp-json\/wp\/v2\/pages\/8320"}],"wp:attachment":[{"href":"https:\/\/ottawahomepros.com\/fr\/wp-json\/wp\/v2\/media?parent=8719"}],"curies":[{"name":"wp","href":"https:\/\/api.w.org\/{rel}","templated":true}]}}