{"id":8506,"date":"2017-11-08T11:37:00","date_gmt":"2017-11-08T11:37:00","guid":{"rendered":"https:\/\/gifted-rhodes.148-230-94-221.plesk.page\/starting-a-renovation\/"},"modified":"2023-02-02T12:55:47","modified_gmt":"2023-02-02T12:55:47","slug":"commencer-une-renovation","status":"publish","type":"page","link":"https:\/\/ottawahomepros.com\/fr\/commencer-une-renovation\/","title":{"rendered":"Commencer une r\u00e9novation"},"content":{"rendered":"<p>[et_pb_section fb_built=&#8221;1&#8243; specialty=&#8221;on&#8221; padding_top_bottom_link_1=&#8221;false&#8221; padding_top_bottom_link_2=&#8221;false&#8221; padding_left_right_link_1=&#8221;true&#8221; padding_left_right_link_2=&#8221;true&#8221; padding_right_1=&#8221;0px&#8221; padding_right_2=&#8221;0px&#8221; padding_left_1=&#8221;0px&#8221; padding_left_2=&#8221;0px&#8221; _builder_version=&#8221;4.4.5&#8243; background_color=&#8221;#ededef&#8221; custom_padding=&#8221;||||false|false&#8221; global_colors_info=&#8221;{}&#8221;][et_pb_column type=&#8221;1_4&#8243; _builder_version=&#8221;3.25&#8243; custom_padding=&#8221;|||&#8221; global_colors_info=&#8221;{}&#8221; custom_padding__hover=&#8221;|||&#8221;][et_pb_sidebar area=&#8221;et_pb_widget_area_11&#8243; disabled_on=&#8221;on|on|off&#8221; _builder_version=&#8221;4.4.5&#8243; global_colors_info=&#8221;{}&#8221;][\/et_pb_sidebar][\/et_pb_column][et_pb_column type=&#8221;3_4&#8243; specialty_columns=&#8221;3&#8243; _builder_version=&#8221;3.25&#8243; custom_padding=&#8221;|||&#8221; global_colors_info=&#8221;{}&#8221; custom_padding__hover=&#8221;|||&#8221;][et_pb_row_inner _builder_version=&#8221;4.4.5&#8243; use_background_color_gradient=&#8221;on&#8221; background_color_gradient_start=&#8221;rgba(0,86,171,0.62)&#8221; background_color_gradient_end=&#8221;rgba(0,127,255,0.39)&#8221; background_color_gradient_direction=&#8221;90deg&#8221; background_color_gradient_overlays_image=&#8221;on&#8221; background_image=&#8221;https:\/\/ottawahomepros.com\/wp-content\/uploads\/2016\/01\/renovation-1.jpg&#8221; width=&#8221;100%&#8221; custom_padding=&#8221;80px|50px|80px|50px|true|true&#8221; locked=&#8221;off&#8221; global_colors_info=&#8221;{}&#8221;][et_pb_column_inner saved_specialty_column_type=&#8221;3_4&#8243; _builder_version=&#8221;4.4.5&#8243; global_colors_info=&#8221;{}&#8221;][et_pb_text quote_border_color=&#8221;#217ffc&#8221; _builder_version=&#8221;4.14.8&#8243; text_font=&#8221;Open Sans||||||||&#8221; link_font=&#8221;Open Sans|600|||||||&#8221; link_text_color=&#8221;#217ffc&#8221; ol_font=&#8221;||||||||&#8221; quote_font=&#8221;Open Sans||||||||&#8221; quote_text_color=&#8221;#111111&#8243; header_2_text_align=&#8221;center&#8221; header_2_text_color=&#8221;#ffffff&#8221; custom_margin=&#8221;||6px|||&#8221; hover_enabled=&#8221;0&#8243; global_colors_info=&#8221;{}&#8221; sticky_enabled=&#8221;0&#8243;]<\/p>\n<h2>Commencer une r\u00e9novation<\/h2>\n<p>[\/et_pb_text][et_pb_divider show_divider=&#8221;off&#8221; _builder_version=&#8221;4.4.5&#8243; width=&#8221;80%&#8221; module_alignment=&#8221;center&#8221; border_width_top=&#8221;5px&#8221; border_color_top=&#8221;#d97c50&#8243; global_colors_info=&#8221;{}&#8221;][\/et_pb_divider][et_pb_text quote_border_color=&#8221;#217ffc&#8221; _builder_version=&#8221;4.14.8&#8243; text_font=&#8221;Open Sans||||||||&#8221; text_text_color=&#8221;#ffffff&#8221; text_font_size=&#8221;18px&#8221; link_font=&#8221;Open Sans|600|||||||&#8221; link_text_color=&#8221;#217ffc&#8221; ol_font=&#8221;||||||||&#8221; quote_font=&#8221;Open Sans||||||||&#8221; quote_text_color=&#8221;#111111&#8243; header_font=&#8221;Nunito Sans|800||on|||||&#8221; header_text_color=&#8221;#217ffc&#8221; header_2_font=&#8221;Nunito Sans|800||on|||||&#8221; header_2_text_color=&#8221;#217ffc&#8221; header_3_font=&#8221;Nunito Sans|700|||||||&#8221; header_3_text_align=&#8221;center&#8221; header_3_text_color=&#8221;#ffffff&#8221; header_4_font=&#8221;Nunito Sans|700|||||||&#8221; header_4_text_color=&#8221;#111111&#8243; header_5_font=&#8221;Nunito Sans|900||on|||||&#8221; header_5_text_color=&#8221;#217ffc&#8221; header_6_font=&#8221;Nunito Sans|900||on|||||&#8221; header_6_text_color=&#8221;#111111&#8243; hover_enabled=&#8221;0&#8243; global_colors_info=&#8221;{}&#8221; sticky_enabled=&#8221;0&#8243;]<\/p>\n<h3>Services de r\u00e9novation domiciliaire<\/h3>\n<p>[\/et_pb_text][\/et_pb_column_inner][\/et_pb_row_inner][et_pb_row_inner _builder_version=&#8221;4.4.5&#8243; custom_padding=&#8221;||0px|||&#8221; global_colors_info=&#8221;{}&#8221;][et_pb_column_inner saved_specialty_column_type=&#8221;3_4&#8243; _builder_version=&#8221;4.4.5&#8243; global_colors_info=&#8221;{}&#8221;][et_pb_text _builder_version=&#8221;4.14.8&#8243; custom_margin=&#8221;||18px||false|false&#8221; hover_enabled=&#8221;0&#8243; locked=&#8221;off&#8221; global_colors_info=&#8221;{}&#8221; sticky_enabled=&#8221;0&#8243;]<\/p>\n<h3>Nous vous aidons tout au long de la conception, du processus de s\u00e9lection des produits et de la r\u00e9alisation par notre expert de l&#8217;ajout de votre maison de r\u00eave.<br \/>Appelez-nous au (613)-288-9145.<\/h3>\n<p>[\/et_pb_text][\/et_pb_column_inner][\/et_pb_row_inner][et_pb_row_inner column_structure=&#8221;1_3,1_3,1_3&#8243; _builder_version=&#8221;4.4.5&#8243; locked=&#8221;off&#8221; global_colors_info=&#8221;{}&#8221;][et_pb_column_inner type=&#8221;1_3&#8243; saved_specialty_column_type=&#8221;3_4&#8243; _builder_version=&#8221;4.4.5&#8243; global_colors_info=&#8221;{}&#8221;][et_pb_text _builder_version=&#8221;4.14.8&#8243; custom_margin=&#8221;||10px||false|false&#8221; hover_enabled=&#8221;0&#8243; global_colors_info=&#8221;{}&#8221; sticky_enabled=&#8221;0&#8243;]<\/p>\n<h5>D\u00c9MARRAGE DE VOTRE R\u00c9NO<\/h5>\n<p>[\/et_pb_text][et_pb_text _builder_version=&#8221;4.4.5&#8243; hover_enabled=&#8221;0&#8243; global_colors_info=&#8221;{}&#8221; sticky_enabled=&#8221;0&#8243;]<\/p>\n<p><a href=\" https:\/\/ottawahomepros.com\/starting-your-reno\/\">Overview<\/a><br \/><a href=\"https:\/\/ottawahomepros.com\/starting-your-reno\/advice-from-homeowners\/\">Advice From Homeowners<\/a><br \/><a href=\"https:\/\/ottawahomepros.com\/starting-your-reno\/renovation-specialists\/\">Renovation Specialists<\/a><br \/><a href=\"https:\/\/ottawahomepros.com\/starting-your-reno\/how-to-spend-your-money\/\">How To Spend Your Money<\/a><br \/><a href=\" https:\/\/ottawahomepros.com\/starting-your-reno\/consider-the-needs-of-your-home\/\">Consider the Needs of Your Home<\/a><br \/><a href=\" https:\/\/ottawahomepros.com\/starting-your-reno\/building-permits\/\">Building Permits<\/a><\/p>\n<p>[\/et_pb_text][\/et_pb_column_inner][et_pb_column_inner type=&#8221;1_3&#8243; saved_specialty_column_type=&#8221;3_4&#8243; _builder_version=&#8221;4.4.5&#8243; global_colors_info=&#8221;{}&#8221;][et_pb_text _builder_version=&#8221;4.14.8&#8243; custom_margin=&#8221;||10px||false|false&#8221; hover_enabled=&#8221;0&#8243; locked=&#8221;off&#8221; global_colors_info=&#8221;{}&#8221; sticky_enabled=&#8221;0&#8243;]<\/p>\n<h5>PLANIFIER VOTRE R\u00c9NOVATION<\/h5>\n<p>[\/et_pb_text][et_pb_text _builder_version=&#8221;4.4.5&#8243; locked=&#8221;off&#8221; global_colors_info=&#8221;{}&#8221;]<\/p>\n<p><a href=\"https:\/\/ottawahomepros.com\/planning-your-renovation\/\">Overview<\/a><br \/> <a href=\"https:\/\/ottawahomepros.com\/planning-your-renovation\/advice-from-renovators\/\">Advice from Renovators<\/a><br \/> <a href=\"https:\/\/ottawahomepros.com\/planning-your-renovation\/setting-goals\/\">Setting Goals<\/a><br \/> <a href=\"https:\/\/ottawahomepros.com\/planning-your-renovation\/anticipating-for-future-needs\/\">Anticipating For Future Needs<\/a><br \/> <a href=\"https:\/\/ottawahomepros.com\/planning-your-renovation\/wish-lists-and-priorities\/\">Wish Lists and Priorities<\/a><\/p>\n<p>[\/et_pb_text][\/et_pb_column_inner][et_pb_column_inner type=&#8221;1_3&#8243; saved_specialty_column_type=&#8221;3_4&#8243; _builder_version=&#8221;4.4.5&#8243; global_colors_info=&#8221;{}&#8221;][et_pb_text _builder_version=&#8221;4.14.8&#8243; custom_margin=&#8221;||10px||false|false&#8221; hover_enabled=&#8221;0&#8243; locked=&#8221;off&#8221; global_colors_info=&#8221;{}&#8221; sticky_enabled=&#8221;0&#8243;]<\/p>\n<h5>EMBAUCHE D&#8217;UN ENTREPRENEUR<\/h5>\n<p>[\/et_pb_text][et_pb_text _builder_version=&#8221;4.4.5&#8243; locked=&#8221;off&#8221; global_colors_info=&#8221;{}&#8221;]<\/p>\n<p><a href=\"https:\/\/ottawahomepros.com\/hiring-a-contractor\/\">Overview<\/a><br \/><a href=\"https:\/\/ottawahomepros.com\/hiring-a-contractor\/ten-reasons-for-hiring-a-pro\/\">Ten Reasons for Hiring a Pro<\/a><br \/><a href=\"https:\/\/ottawahomepros.com\/hiring-a-contractor\/doing-the-work-yourself\/\n\">Doing The Work Yourself<\/a><br \/><a href=\"https:\/\/ottawahomepros.com\/hiring-a-contractor\/insurance-check\/\">Insurance Check<\/a><br \/><a href=\"https:\/\/ottawahomepros.com\/hiring-a-contractor\/change-orders\/\">Change Orders<\/a><br \/><a href=\"https:\/\/ottawahomepros.com\/hiring-a-contractor\/warranties\/\">Warranties<\/a><\/p>\n<p>[\/et_pb_text][\/et_pb_column_inner][\/et_pb_row_inner][\/et_pb_column][\/et_pb_section][et_pb_section fb_built=&#8221;1&#8243; _builder_version=&#8221;4.4.5&#8243; custom_padding=&#8221;70px||3px||false|&#8221; locked=&#8221;off&#8221; global_colors_info=&#8221;{}&#8221;][et_pb_row column_structure=&#8221;2_3,1_3&#8243; use_custom_gutter=&#8221;on&#8221; gutter_width=&#8221;2&#8243; make_equal=&#8221;on&#8221; custom_padding_last_edited=&#8221;on|tablet&#8221; _builder_version=&#8221;4.4.5&#8243; width=&#8221;100%&#8221; custom_margin=&#8221;||||false|false&#8221; custom_margin_tablet=&#8221;||||false|false&#8221; custom_margin_phone=&#8221;&#8221; custom_margin_last_edited=&#8221;on|tablet&#8221; custom_padding=&#8221;|120px||50px|false|false&#8221; custom_padding_tablet=&#8221;|50px|||false|false&#8221; custom_padding_phone=&#8221;&#8221; global_colors_info=&#8221;{}&#8221;][et_pb_column type=&#8221;2_3&#8243; _builder_version=&#8221;4.4.5&#8243; global_colors_info=&#8221;{}&#8221;][et_pb_image src=&#8221;https:\/\/ottawahomepros.com\/wp-content\/uploads\/2020\/08\/home-addition.jpg&#8221; title_text=&#8221;home-addition&#8221; align=&#8221;right&#8221; align_tablet=&#8221;center&#8221; align_phone=&#8221;&#8221; align_last_edited=&#8221;on|tablet&#8221; _builder_version=&#8221;4.4.5&#8243; width_tablet=&#8221;100%&#8221; width_phone=&#8221;&#8221; width_last_edited=&#8221;on|tablet&#8221; custom_margin_tablet=&#8221;||50px||false|false&#8221; custom_margin_phone=&#8221;&#8221; custom_margin_last_edited=&#8221;on|tablet&#8221; global_colors_info=&#8221;{}&#8221;][\/et_pb_image][\/et_pb_column][et_pb_column type=&#8221;1_3&#8243; _builder_version=&#8221;4.4.5&#8243; background_image=&#8221;https:\/\/ottawahomepros.com\/wp-content\/uploads\/2016\/01\/general-contractor.jpg&#8221; background_size=&#8221;contain&#8221; background_position=&#8221;bottom_center&#8221; global_colors_info=&#8221;{}&#8221;][et_pb_divider show_divider=&#8221;off&#8221; _builder_version=&#8221;4.4.5&#8243; custom_padding=&#8221;200px||200px||true|false&#8221; custom_padding_tablet=&#8221;250px||250px||true|false&#8221; custom_padding_phone=&#8221;&#8221; custom_padding_last_edited=&#8221;on|tablet&#8221; global_colors_info=&#8221;{}&#8221;][\/et_pb_divider][\/et_pb_column][\/et_pb_row][\/et_pb_section][et_pb_section fb_built=&#8221;1&#8243; _builder_version=&#8221;4.4.5&#8243; custom_padding=&#8221;70px||70px||true|&#8221; global_colors_info=&#8221;{}&#8221;][et_pb_row custom_padding_last_edited=&#8221;on|phone&#8221; _builder_version=&#8221;4.4.5&#8243; custom_padding=&#8221;50px|50px|50px|50px|true|true&#8221; custom_padding_tablet=&#8221;|30px||30px|true|true&#8221; custom_padding_phone=&#8221;50px|20px|50px|20px|true|true&#8221; border_width_all=&#8221;4px&#8221; border_color_all=&#8221;#0056ab&#8221; global_colors_info=&#8221;{}&#8221;][et_pb_column type=&#8221;4_4&#8243; _builder_version=&#8221;4.5.1&#8243; global_colors_info=&#8221;{}&#8221;][et_pb_text _builder_version=&#8221;4.14.8&#8243; header_2_text_align=&#8221;center&#8221; header_2_text_color=&#8221;#626262&#8243; custom_margin=&#8221;||-22px||false|false&#8221; hover_enabled=&#8221;0&#8243; locked=&#8221;off&#8221; global_colors_info=&#8221;{}&#8221; sticky_enabled=&#8221;0&#8243;]<\/p>\n<h2>T\u00e9moignages<\/h2>\n<p>[\/et_pb_text][et_pb_text quote_border_weight=&#8221;0px&#8221; quote_border_color=&#8221;rgba(0,0,0,0)&#8221; _builder_version=&#8221;4.4.5&#8243; text_font_size=&#8221;20px&#8221; text_line_height=&#8221;1.8em&#8221; quote_text_align=&#8221;center&#8221; quote_font_size=&#8221;20px&#8221; text_orientation=&#8221;center&#8221; width=&#8221;80%&#8221; module_alignment=&#8221;center&#8221; custom_padding=&#8221;0px|||||&#8221; hover_enabled=&#8221;0&#8243; global_colors_info=&#8221;{}&#8221; sticky_enabled=&#8221;0&#8243;]\t\t<blockquote class=\"mg_qt_quote\">\r\n\t\t\t<p>My family and I were looking for a contractor to complete a home addition that met all of our needs. We met with Ben who was very knowledgeable and walked us through the process from beginning to end. Ben and his team were professional, punctual and illustrated detailed craftsmanship. Thank you for all of your hard work, we are so happy with the outcome!<\/p>\n\t\t\t\t\t\t\t<footer class=\"meta\">\r\n\t\t\t\t\t<cite class=\"author\">Jessica N<\/cite>\r\n\t\t\t\t<\/footer>\r\n\t\t\t\t\t<\/blockquote>\r\n\t[\/et_pb_text][\/et_pb_column][\/et_pb_row][\/et_pb_section][et_pb_section fb_built=&#8221;1&#8243; disabled_on=&#8221;off|off|on&#8221; _builder_version=&#8221;4.4.5&#8243; background_color=&#8221;#f0f0f2&#8243; custom_padding=&#8221;60px||3px|||&#8221; locked=&#8221;off&#8221; global_colors_info=&#8221;{}&#8221;][et_pb_row column_structure=&#8221;1_3,1_3,1_3&#8243; custom_padding_last_edited=&#8221;on|tablet&#8221; _builder_version=&#8221;4.4.5&#8243; custom_margin_tablet=&#8221;||||false|false&#8221; custom_margin_phone=&#8221;&#8221; custom_margin_last_edited=&#8221;on|tablet&#8221; custom_padding=&#8221;||1px|||&#8221; custom_padding_tablet=&#8221;||||false|false&#8221; custom_padding_phone=&#8221;2px||||false|false&#8221; global_colors_info=&#8221;{}&#8221;][et_pb_column type=&#8221;1_3&#8243; _builder_version=&#8221;4.4.5&#8243; global_colors_info=&#8221;{}&#8221;][\/et_pb_column][et_pb_column type=&#8221;1_3&#8243; _builder_version=&#8221;4.4.5&#8243; global_colors_info=&#8221;{}&#8221;][et_pb_sidebar area=&#8221;et_pb_widget_area_11&#8243; show_border=&#8221;off&#8221; _builder_version=&#8221;4.4.5&#8243; custom_margin=&#8221;||-4px|||&#8221; global_colors_info=&#8221;{}&#8221;][\/et_pb_sidebar][\/et_pb_column][et_pb_column type=&#8221;1_3&#8243; _builder_version=&#8221;4.4.5&#8243; global_colors_info=&#8221;{}&#8221;][\/et_pb_column][\/et_pb_row][\/et_pb_section][et_pb_section fb_built=&#8221;1&#8243; _builder_version=&#8221;4.4.5&#8243; use_background_color_gradient=&#8221;on&#8221; background_color_gradient_start=&#8221;rgba(0,0,0,0.8)&#8221; background_color_gradient_end=&#8221;rgba(51,51,51,0.85)&#8221; background_color_gradient_overlays_image=&#8221;on&#8221; background_image=&#8221;https:\/\/ottawahomepros.com\/wp-content\/uploads\/2016\/01\/renovation-3.jpg&#8221; custom_padding=&#8221;80px||80px||true|&#8221; locked=&#8221;off&#8221; global_colors_info=&#8221;{}&#8221;][et_pb_row _builder_version=&#8221;4.4.5&#8243; custom_padding=&#8221;50px|50px|50px|50px|true|true&#8221; border_width_all=&#8221;4px&#8221; border_color_all=&#8221;#FFFFFF&#8221; global_colors_info=&#8221;{}&#8221;][et_pb_column type=&#8221;4_4&#8243; _builder_version=&#8221;4.5.1&#8243; global_colors_info=&#8221;{}&#8221;][et_pb_text _builder_version=&#8221;4.14.8&#8243; header_2_text_align=&#8221;center&#8221; header_2_text_color=&#8221;#FFFFFF&#8221; custom_margin=&#8221;||15px||false|false&#8221; hover_enabled=&#8221;0&#8243; locked=&#8221;off&#8221; global_colors_info=&#8221;{}&#8221; sticky_enabled=&#8221;0&#8243;]<\/p>\n<h2>Ottawa Home Pros offre des services d&#8217;agrandissement de maison dans la r\u00e9gion d&#8217;Ottawa.<\/h2>\n<p>[\/et_pb_text][et_pb_text _builder_version=&#8221;4.14.8&#8243; text_text_color=&#8221;#FFFFFF&#8221; text_font_size=&#8221;20px&#8221; text_line_height=&#8221;1.5em&#8221; link_text_color=&#8221;#FFFFFF&#8221; header_4_font=&#8221;Montserrat|600|||||||&#8221; header_4_text_align=&#8221;center&#8221; header_4_text_color=&#8221;#ffffff&#8221; text_orientation=&#8221;center&#8221; hover_enabled=&#8221;0&#8243; global_colors_info=&#8221;{}&#8221; sticky_enabled=&#8221;0&#8243;]<\/p>\n<p>Donnez \u00e0 nos entrepreneurs g\u00e9n\u00e9raux d&#8217;Ottawa une chance de gagner votre confiance et votre entreprise.<br \/>Appelez-nous d\u00e8s aujourd&#8217;hui au (613) 288-9145 pour votre prochain projet d&#8217;agrandissement de maison.<\/p>\n<p>[\/et_pb_text][et_pb_button button_url=&#8221;https:\/\/ottawahomepros.com\/contact\/&#8221; button_text=&#8221;Obtenez un devis aujourd&#8217;hui&#8221; button_alignment=&#8221;center&#8221; _builder_version=&#8221;4.14.8&#8243; custom_button=&#8221;on&#8221; button_text_color=&#8221;#FFFFFF&#8221; button_bg_color=&#8221;#085bad&#8221; button_border_width=&#8221;0px&#8221; button_border_radius=&#8221;0px&#8221; button_use_icon=&#8221;off&#8221; custom_padding=&#8221;15px||15px||true|false&#8221; hover_enabled=&#8221;0&#8243; locked=&#8221;off&#8221; global_colors_info=&#8221;{}&#8221; button_bg_color__hover=&#8221;#064ba0&#8243; button_bg_enable_color__hover=&#8221;on&#8221; button_bg_color__hover_enabled=&#8221;on|hover&#8221; sticky_enabled=&#8221;0&#8243;][\/et_pb_button][\/et_pb_column][\/et_pb_row][\/et_pb_section]<\/p>\n","protected":false},"excerpt":{"rendered":"<p>[et_pb_section fb_built=&#8221;1&#8243; specialty=&#8221;on&#8221; padding_top_bottom_link_1=&#8221;false&#8221; padding_top_bottom_link_2=&#8221;false&#8221; padding_left_right_link_1=&#8221;true&#8221; padding_left_right_link_2=&#8221;true&#8221; padding_right_1=&#8221;0px&#8221; padding_right_2=&#8221;0px&#8221; padding_left_1=&#8221;0px&#8221; padding_left_2=&#8221;0px&#8221; _builder_version=&#8221;4.4.5&#8243; background_color=&#8221;#ededef&#8221; custom_padding=&#8221;||||false|false&#8221; global_colors_info=&#8221;{}&#8221;][et_pb_column type=&#8221;1_4&#8243; _builder_version=&#8221;3.25&#8243; custom_padding=&#8221;|||&#8221; global_colors_info=&#8221;{}&#8221; custom_padding__hover=&#8221;|||&#8221;][et_pb_sidebar area=&#8221;et_pb_widget_area_11&#8243; disabled_on=&#8221;on|on|off&#8221; _builder_version=&#8221;4.4.5&#8243; global_colors_info=&#8221;{}&#8221;][\/et_pb_sidebar][\/et_pb_column][et_pb_column type=&#8221;3_4&#8243; specialty_columns=&#8221;3&#8243; _builder_version=&#8221;3.25&#8243; custom_padding=&#8221;|||&#8221; global_colors_info=&#8221;{}&#8221; custom_padding__hover=&#8221;|||&#8221;][et_pb_row_inner _builder_version=&#8221;4.4.5&#8243; use_background_color_gradient=&#8221;on&#8221; background_color_gradient_start=&#8221;rgba(0,86,171,0.62)&#8221; background_color_gradient_end=&#8221;rgba(0,127,255,0.39)&#8221; background_color_gradient_direction=&#8221;90deg&#8221; background_color_gradient_overlays_image=&#8221;on&#8221; background_image=&#8221;https:\/\/ottawahomepros.com\/wp-content\/uploads\/2016\/01\/renovation-1.jpg&#8221; width=&#8221;100%&#8221; custom_padding=&#8221;80px|50px|80px|50px|true|true&#8221; locked=&#8221;off&#8221; global_colors_info=&#8221;{}&#8221;][et_pb_column_inner saved_specialty_column_type=&#8221;3_4&#8243; _builder_version=&#8221;4.4.5&#8243; global_colors_info=&#8221;{}&#8221;][et_pb_text quote_border_color=&#8221;#217ffc&#8221; _builder_version=&#8221;4.14.8&#8243; text_font=&#8221;Open Sans||||||||&#8221; link_font=&#8221;Open Sans|600|||||||&#8221; link_text_color=&#8221;#217ffc&#8221; ol_font=&#8221;||||||||&#8221; quote_font=&#8221;Open Sans||||||||&#8221; quote_text_color=&#8221;#111111&#8243; [&hellip;]<\/p>\n","protected":false},"author":1,"featured_media":0,"parent":0,"menu_order":0,"comment_status":"closed","ping_status":"closed","template":"","meta":{"_et_pb_use_builder":"on","_et_pb_old_content":"","_et_gb_content_width":"","footnotes":""},"class_list":["post-8506","page","type-page","status-publish","hentry"],"_links":{"self":[{"href":"https:\/\/ottawahomepros.com\/fr\/wp-json\/wp\/v2\/pages\/8506","targetHints":{"allow":["GET"]}}],"collection":[{"href":"https:\/\/ottawahomepros.com\/fr\/wp-json\/wp\/v2\/pages"}],"about":[{"href":"https:\/\/ottawahomepros.com\/fr\/wp-json\/wp\/v2\/types\/page"}],"author":[{"embeddable":true,"href":"https:\/\/ottawahomepros.com\/fr\/wp-json\/wp\/v2\/users\/1"}],"replies":[{"embeddable":true,"href":"https:\/\/ottawahomepros.com\/fr\/wp-json\/wp\/v2\/comments?post=8506"}],"version-history":[{"count":3,"href":"https:\/\/ottawahomepros.com\/fr\/wp-json\/wp\/v2\/pages\/8506\/revisions"}],"predecessor-version":[{"id":8509,"href":"https:\/\/ottawahomepros.com\/fr\/wp-json\/wp\/v2\/pages\/8506\/revisions\/8509"}],"wp:attachment":[{"href":"https:\/\/ottawahomepros.com\/fr\/wp-json\/wp\/v2\/media?parent=8506"}],"curies":[{"name":"wp","href":"https:\/\/api.w.org\/{rel}","templated":true}]}}