{"id":8320,"date":"2015-10-09T06:37:33","date_gmt":"2015-10-09T06:37:33","guid":{"rendered":"https:\/\/gifted-rhodes.148-230-94-221.plesk.page\/prestations-de-service\/"},"modified":"2023-01-28T00:25:40","modified_gmt":"2023-01-28T00:25:40","slug":"prestations-de-service","status":"publish","type":"page","link":"https:\/\/ottawahomepros.com\/fr\/prestations-de-service\/","title":{"rendered":"Prestations de service"},"content":{"rendered":"<p>[et_pb_section fb_built=&#8221;1&#8243; specialty=&#8221;on&#8221; padding_top_bottom_link_1=&#8221;false&#8221; padding_top_bottom_link_2=&#8221;false&#8221; padding_left_right_link_1=&#8221;true&#8221; padding_left_right_link_2=&#8221;true&#8221; padding_right_1=&#8221;0px&#8221; padding_right_2=&#8221;0px&#8221; padding_left_1=&#8221;0px&#8221; padding_left_2=&#8221;0px&#8221; _builder_version=&#8221;4.4.5&#8243; background_color=&#8221;#ededef&#8221; custom_padding=&#8221;||||false|false&#8221; global_colors_info=&#8221;{}&#8221;][et_pb_column type=&#8221;1_4&#8243; _builder_version=&#8221;3.25&#8243; custom_padding=&#8221;|||&#8221; global_colors_info=&#8221;{}&#8221; custom_padding__hover=&#8221;|||&#8221;][et_pb_sidebar area=&#8221;et_pb_widget_area_1&#8243; disabled_on=&#8221;on|on|off&#8221; _builder_version=&#8221;4.4.5&#8243; global_colors_info=&#8221;{}&#8221;][\/et_pb_sidebar][\/et_pb_column][et_pb_column type=&#8221;3_4&#8243; specialty_columns=&#8221;3&#8243; _builder_version=&#8221;3.25&#8243; custom_padding=&#8221;|||&#8221; global_colors_info=&#8221;{}&#8221; custom_padding__hover=&#8221;|||&#8221;][et_pb_row_inner _builder_version=&#8221;4.4.5&#8243; use_background_color_gradient=&#8221;on&#8221; background_color_gradient_start=&#8221;rgba(0,86,171,0.62)&#8221; background_color_gradient_end=&#8221;rgba(0,127,255,0.39)&#8221; background_color_gradient_direction=&#8221;90deg&#8221; background_color_gradient_overlays_image=&#8221;on&#8221; background_image=&#8221;https:\/\/ottawahomepros.com\/wp-content\/uploads\/2016\/01\/renovation-1.jpg&#8221; width=&#8221;100%&#8221; custom_padding=&#8221;80px|50px|80px|50px|true|true&#8221; locked=&#8221;off&#8221; global_colors_info=&#8221;{}&#8221;][et_pb_column_inner saved_specialty_column_type=&#8221;3_4&#8243; _builder_version=&#8221;4.4.5&#8243; global_colors_info=&#8221;{}&#8221;][et_pb_text quote_border_color=&#8221;#217ffc&#8221; _builder_version=&#8221;4.4.5&#8243; text_font=&#8221;Open Sans||||||||&#8221; link_font=&#8221;Open Sans|600|||||||&#8221; link_text_color=&#8221;#217ffc&#8221; ol_font=&#8221;||||||||&#8221; quote_font=&#8221;Open Sans||||||||&#8221; quote_text_color=&#8221;#111111&#8243; header_2_text_align=&#8221;center&#8221; header_2_text_color=&#8221;#ffffff&#8221; custom_margin=&#8221;||6px|||&#8221; global_colors_info=&#8221;{}&#8221;]<\/p>\n<h2>Entrepreneur en am\u00e9lioration domiciliaire Ottawa<\/h2>\n<p>[\/et_pb_text][et_pb_divider show_divider=&#8221;off&#8221; _builder_version=&#8221;4.4.5&#8243; width=&#8221;80%&#8221; module_alignment=&#8221;center&#8221; border_width_top=&#8221;5px&#8221; border_color_top=&#8221;#d97c50&#8243; global_colors_info=&#8221;{}&#8221;][\/et_pb_divider][et_pb_text quote_border_color=&#8221;#217ffc&#8221; _builder_version=&#8221;4.4.5&#8243; text_font=&#8221;Open Sans||||||||&#8221; text_text_color=&#8221;#ffffff&#8221; text_font_size=&#8221;18px&#8221; link_font=&#8221;Open Sans|600|||||||&#8221; link_text_color=&#8221;#217ffc&#8221; ol_font=&#8221;||||||||&#8221; quote_font=&#8221;Open Sans||||||||&#8221; quote_text_color=&#8221;#111111&#8243; header_font=&#8221;Nunito Sans|800||on|||||&#8221; header_text_color=&#8221;#217ffc&#8221; header_2_font=&#8221;Nunito Sans|800||on|||||&#8221; header_2_text_color=&#8221;#217ffc&#8221; header_3_font=&#8221;Nunito Sans|700|||||||&#8221; header_3_text_align=&#8221;center&#8221; header_3_text_color=&#8221;#ffffff&#8221; header_4_font=&#8221;Nunito Sans|700|||||||&#8221; header_4_text_color=&#8221;#111111&#8243; header_5_font=&#8221;Nunito Sans|900||on|||||&#8221; header_5_text_color=&#8221;#217ffc&#8221; header_6_font=&#8221;Nunito Sans|900||on|||||&#8221; header_6_text_color=&#8221;#111111&#8243; global_colors_info=&#8221;{}&#8221;]<\/p>\n<h3>Commercial et R\u00e9sidentiel<br \/>Entrepreneur en r\u00e9novation Ottawa<\/h3>\n<p>[\/et_pb_text][\/et_pb_column_inner][\/et_pb_row_inner][et_pb_row_inner _builder_version=&#8221;4.4.5&#8243; global_colors_info=&#8221;{}&#8221;][et_pb_column_inner saved_specialty_column_type=&#8221;3_4&#8243; _builder_version=&#8221;4.4.5&#8243; global_colors_info=&#8221;{}&#8221;][et_pb_text _builder_version=&#8221;4.14.8&#8243; custom_margin=&#8221;||18px||false|false&#8221; hover_enabled=&#8221;0&#8243; locked=&#8221;off&#8221; global_colors_info=&#8221;{}&#8221; sticky_enabled=&#8221;0&#8243;]<\/p>\n<h3>Nos entrepreneurs g\u00e9n\u00e9raux sont fiers de proposer des solutions cr\u00e9atives pour r\u00e9pondre \u00e0 vos besoins de r\u00e9novation, peu importe la taille ou le budget de votre projet.<br \/>Appelez-nous au <a href=\"tel:6132889145\">(613)-288-9145<\/a>.<\/h3>\n<p>[\/et_pb_text][et_pb_video src=&#8221;https:\/\/youtu.be\/fGYO5w-Dqfg&#8221; _builder_version=&#8221;4.4.5&#8243; global_colors_info=&#8221;{}&#8221;][\/et_pb_video][et_pb_text _builder_version=&#8221;4.4.5&#8243; custom_margin=&#8221;||25px|||&#8221; global_colors_info=&#8221;{}&#8221;]<\/p>\n<p>Chez Ottawa Home Pros, nous sommes le seul service de r\u00e9novation dont vous aurez besoin pour votre projet de r\u00e9novation r\u00e9sidentielle et commerciale, aujourd&#8217;hui et demain. Nous apportons une d\u00e9cennie d&#8217;exp\u00e9rience et nous promettons de faire un excellent travail efficacement du d\u00e9but \u00e0 la fin.<\/p>\n<p>[\/et_pb_text][\/et_pb_column_inner][\/et_pb_row_inner][\/et_pb_column][\/et_pb_section][et_pb_section fb_built=&#8221;1&#8243; _builder_version=&#8221;4.14.8&#8243; custom_padding=&#8221;70px||4px||false|&#8221; hover_enabled=&#8221;0&#8243; global_colors_info=&#8221;{}&#8221; sticky_enabled=&#8221;0&#8243;][et_pb_row _builder_version=&#8221;4.4.5&#8243; custom_padding=&#8221;||4px|||&#8221; global_colors_info=&#8221;{}&#8221;][et_pb_column type=&#8221;4_4&#8243; _builder_version=&#8221;4.4.5&#8243; global_colors_info=&#8221;{}&#8221;][et_pb_text _builder_version=&#8221;4.4.5&#8243; header_3_text_align=&#8221;left&#8221; custom_margin=&#8221;||-1px||false|false&#8221; global_colors_info=&#8221;{}&#8221;]<\/p>\n<h3>Nos services incluent :<\/h3>\n<p>[\/et_pb_text][\/et_pb_column][\/et_pb_row][et_pb_row column_structure=&#8221;1_2,1_2&#8243; _builder_version=&#8221;4.4.5&#8243; custom_padding=&#8221;3px|||||&#8221; global_colors_info=&#8221;{}&#8221;][et_pb_column type=&#8221;1_2&#8243; _builder_version=&#8221;4.4.5&#8243; global_colors_info=&#8221;{}&#8221;][et_pb_text _builder_version=&#8221;4.14.8&#8243; hover_enabled=&#8221;0&#8243; global_colors_info=&#8221;{}&#8221; sticky_enabled=&#8221;0&#8243;]<\/p>\n<p><strong>Ajouts \u00e0 la maison <\/strong>\u2013 Que vous ayez besoin d&#8217;un porche, d&#8217;une terrasse, d&#8217;un belv\u00e9d\u00e8re ou d&#8217;une suite parentale, nous pouvons vous aider \u00e0 planifier et \u00e0 construire des ajouts.<\/p>\n<p><strong>R\u00e9novations de salle de bain<\/strong>&#8211; Nous connaissons toutes les derni\u00e8res tendances en<span> <\/span><a href=\"https:\/\/ottawahomepros.com\/services\/bathroom-reno\/\">bathroom design<\/a>. Nous sommes \u00e9galement pr\u00eats \u00e0 vous aider \u00e0 planifier la transformation de votre salle de bain en un look mis \u00e0 jour. Nous pouvons vous aider \u00e0 remplacer vos luminaires ou \u00e0 changer l&#8217;apparence de la pi\u00e8ce.<\/p>\n<p><strong>R\u00e9novations de cuisine<\/strong>&#8211; Gr\u00e2ce \u00e0 nos comp\u00e9tences et \u00e0 notre savoir-faire, nous avons d\u00e9j\u00e0 transform\u00e9 de nombreuses cuisines de la r\u00e9gion du Grand Toronto en espaces enti\u00e8rement fonctionnels et magnifiques. Gr\u00e2ce \u00e0 nos comp\u00e9tences et \u00e0 notre savoir-faire, nous avons d\u00e9j\u00e0 transform\u00e9 de nombreuses cuisines de la r\u00e9gion du Grand Toronto en espaces enti\u00e8rement fonctionnels et magnifiques.<\/p>\n<p>[\/et_pb_text][\/et_pb_column][et_pb_column type=&#8221;1_2&#8243; _builder_version=&#8221;4.4.5&#8243; global_colors_info=&#8221;{}&#8221;][et_pb_text _builder_version=&#8221;4.14.8&#8243; hover_enabled=&#8221;0&#8243; global_colors_info=&#8221;{}&#8221; sticky_enabled=&#8221;0&#8243;]<\/p>\n<p><strong>R\u00e9novations de sous-sol<\/strong>&#8211; Si vous avez retard\u00e9 la transformation de votre sous-sol inachev\u00e9 en chambre, salle de jeux ou boudoir suppl\u00e9mentaire, nous sommes l\u00e0 pour vous aider \u00e0 d\u00e9marrer votre projet. Si vous avez d\u00e9sactiv\u00e9 la transformation de votre sous-sol inachev\u00e9 en chambre, salle de jeux ou boudoir suppl\u00e9mentaire, nous sommes l\u00e0 pour vous aider \u00e0 d\u00e9marrer votre projet.<\/p>\n<p><strong>R\u00e9novations de toute la maison<\/strong>&#8211; Vos besoins d&#8217;espace vont probablement changer apr\u00e8s avoir v\u00e9cu dans votre maison pendant des ann\u00e9es. Notre exp\u00e9rience en conception et en construction fait de nous le choix id\u00e9al pour r\u00e9nover toute votre maison ou pour ajouter un ajout \u00e0 votre maison. Nous avons la cr\u00e9ativit\u00e9 et la capacit\u00e9 de<span> <\/span><a href=\"https:\/\/ottawahomepros.com\/\">transformer votre maison<\/a><span> <\/span>dans la maison que vous souhaitez.<\/p>\n<p>[\/et_pb_text][\/et_pb_column][\/et_pb_row][\/et_pb_section][et_pb_section fb_built=&#8221;1&#8243; _builder_version=&#8221;4.4.5&#8243; background_color=&#8221;#ffffff&#8221; custom_padding=&#8221;28px||70px||false|&#8221; global_colors_info=&#8221;{}&#8221;][et_pb_row column_structure=&#8221;2_3,1_3&#8243; use_custom_gutter=&#8221;on&#8221; gutter_width=&#8221;1&#8243; make_equal=&#8221;on&#8221; _builder_version=&#8221;4.4.5&#8243; width=&#8221;100%&#8221; custom_margin_tablet=&#8221;||||false|false&#8221; custom_margin_phone=&#8221;&#8221; custom_margin_last_edited=&#8221;on|tablet&#8221; custom_padding=&#8221;|50px||50px|false|true&#8221; global_colors_info=&#8221;{}&#8221;][et_pb_column type=&#8221;2_3&#8243; _builder_version=&#8221;4.4.5&#8243; global_colors_info=&#8221;{}&#8221;][et_pb_image src=&#8221;https:\/\/ottawahomepros.com\/wp-content\/uploads\/2020\/08\/general-contractor-2a.jpg&#8221; title_text=&#8221;entreprise-g\u00e9n\u00e9rale-2a&#8221; align=&#8221;center&#8221; force_fullwidth=&#8221;on&#8221; _builder_version=&#8221;4.4.5&#8243; custom_margin_tablet=&#8221;||50px||false|false&#8221; custom_margin_phone=&#8221;&#8221; custom_margin_last_edited=&#8221;on|tablet&#8221; global_colors_info=&#8221;{}&#8221;][\/et_pb_image][\/et_pb_column][et_pb_column type=&#8221;1_3&#8243; _builder_version=&#8221;4.4.5&#8243; background_image=&#8221;https:\/\/ottawahomepros.com\/wp-content\/uploads\/2016\/01\/general-contractor.jpg&#8221; background_size=&#8221;contain&#8221; background_position=&#8221;bottom_center&#8221; global_colors_info=&#8221;{}&#8221;][et_pb_divider show_divider=&#8221;off&#8221; _builder_version=&#8221;4.4.5&#8243; custom_padding=&#8221;200px||200px||true|false&#8221; custom_padding_tablet=&#8221;250px||250px||true|false&#8221; custom_padding_phone=&#8221;200px||200px||true|false&#8221; custom_padding_last_edited=&#8221;on|tablet&#8221; global_colors_info=&#8221;{}&#8221;][\/et_pb_divider][\/et_pb_column][\/et_pb_row][\/et_pb_section][et_pb_section fb_built=&#8221;1&#8243; _builder_version=&#8221;4.4.5&#8243; background_color=&#8221;#f0f0f2&#8243; locked=&#8221;off&#8221; global_colors_info=&#8221;{}&#8221;][et_pb_row _builder_version=&#8221;4.4.5&#8243; custom_padding=&#8221;||0px||false|false&#8221; global_colors_info=&#8221;{}&#8221;][et_pb_column type=&#8221;4_4&#8243; _builder_version=&#8221;4.4.5&#8243; global_colors_info=&#8221;{}&#8221;][et_pb_text _builder_version=&#8221;4.4.5&#8243; global_colors_info=&#8221;{}&#8221;]<\/p>\n<h2>Des id\u00e9es pour la r\u00e9novation de votre maison<\/h2>\n<p>[\/et_pb_text][\/et_pb_column][\/et_pb_row][et_pb_row _builder_version=&#8221;4.4.5&#8243; custom_padding=&#8221;3px|||||&#8221; global_colors_info=&#8221;{}&#8221;][et_pb_column type=&#8221;4_4&#8243; _builder_version=&#8221;4.4.5&#8243; global_colors_info=&#8221;{}&#8221;][et_pb_text _builder_version=&#8221;4.4.5&#8243; custom_margin=&#8221;||0px|||&#8221; global_colors_info=&#8221;{}&#8221;][pinterest_gallery id=&#8221;2484&#8243;][\/et_pb_text][et_pb_button button_url=&#8221;https:\/\/ottawahomepros.com\/reno-101\/ideas\/bathrooms\/&#8221; button_text=&#8221;+ d&#8217;autres id\u00e9es de r\u00e9novation&#8221; button_alignment=&#8221;right&#8221; _builder_version=&#8221;4.4.5&#8243; custom_button=&#8221;on&#8221; button_text_size=&#8221;16px&#8221; button_text_color=&#8221;#007fff&#8221; button_bg_color=&#8221;rgba(0,0,0,0)&#8221; button_border_width=&#8221;0px&#8221; button_border_color=&#8221;rgba(0,0,0,0)&#8221; button_use_icon=&#8221;off&#8221; global_colors_info=&#8221;{}&#8221;][\/et_pb_button][\/et_pb_column][\/et_pb_row][\/et_pb_section][et_pb_section fb_built=&#8221;1&#8243; disabled_on=&#8221;off|off|on&#8221; _builder_version=&#8221;4.4.5&#8243; background_color=&#8221;#ffffff&#8221; custom_padding=&#8221;60px||3px|||&#8221; global_colors_info=&#8221;{}&#8221;][et_pb_row column_structure=&#8221;1_3,1_3,1_3&#8243; custom_padding_last_edited=&#8221;on|tablet&#8221; _builder_version=&#8221;4.4.5&#8243; custom_margin_tablet=&#8221;||||false|false&#8221; custom_margin_phone=&#8221;&#8221; custom_margin_last_edited=&#8221;on|tablet&#8221; custom_padding=&#8221;||1px|||&#8221; custom_padding_tablet=&#8221;||||false|false&#8221; custom_padding_phone=&#8221;2px||||false|false&#8221; global_colors_info=&#8221;{}&#8221;][et_pb_column type=&#8221;1_3&#8243; _builder_version=&#8221;4.4.5&#8243; global_colors_info=&#8221;{}&#8221;][\/et_pb_column][et_pb_column type=&#8221;1_3&#8243; _builder_version=&#8221;4.4.5&#8243; global_colors_info=&#8221;{}&#8221;][et_pb_sidebar area=&#8221;et_pb_widget_area_1&#8243; show_border=&#8221;off&#8221; _builder_version=&#8221;4.4.5&#8243; custom_margin=&#8221;||-4px|||&#8221; global_colors_info=&#8221;{}&#8221;][\/et_pb_sidebar][\/et_pb_column][et_pb_column type=&#8221;1_3&#8243; _builder_version=&#8221;4.4.5&#8243; global_colors_info=&#8221;{}&#8221;][\/et_pb_column][\/et_pb_row][\/et_pb_section][et_pb_section fb_built=&#8221;1&#8243; _builder_version=&#8221;4.4.5&#8243; use_background_color_gradient=&#8221;on&#8221; background_color_gradient_start=&#8221;rgba(0,0,0,0.8)&#8221; background_color_gradient_end=&#8221;rgba(51,51,51,0.85)&#8221; background_color_gradient_overlays_image=&#8221;on&#8221; background_image=&#8221;https:\/\/ottawahomepros.com\/wp-content\/uploads\/2016\/01\/renovation-3.jpg&#8221; custom_padding=&#8221;80px||80px||true|&#8221; locked=&#8221;off&#8221; global_colors_info=&#8221;{}&#8221;][et_pb_row _builder_version=&#8221;4.4.5&#8243; custom_padding=&#8221;50px|50px|50px|50px|true|true&#8221; border_width_all=&#8221;4px&#8221; border_color_all=&#8221;#FFFFFF&#8221; global_colors_info=&#8221;{}&#8221;][et_pb_column type=&#8221;4_4&#8243; _builder_version=&#8221;4.5.1&#8243; global_colors_info=&#8221;{}&#8221;][et_pb_text _builder_version=&#8221;4.4.5&#8243; header_2_text_align=&#8221;center&#8221; header_2_text_color=&#8221;#FFFFFF&#8221; custom_margin=&#8221;||15px||false|false&#8221; locked=&#8221;off&#8221; global_colors_info=&#8221;{}&#8221;]<\/p>\n<h2>Ottawa Home Pros offre des services de r\u00e9novation domiciliaire et d&#8217;am\u00e9lioration dans la r\u00e9gion d&#8217;Ottawa.<\/h2>\n<p>[\/et_pb_text][et_pb_text _builder_version=&#8221;4.4.5&#8243; text_text_color=&#8221;#FFFFFF&#8221; text_font_size=&#8221;20px&#8221; text_line_height=&#8221;1.5em&#8221; link_text_color=&#8221;#FFFFFF&#8221; header_4_font=&#8221;Montserrat|600|||||||&#8221; header_4_text_align=&#8221;center&#8221; header_4_text_color=&#8221;#ffffff&#8221; text_orientation=&#8221;center&#8221; global_colors_info=&#8221;{}&#8221;]<\/p>\n<p>Donnez \u00e0 nos entrepreneurs g\u00e9n\u00e9raux d&#8217;Ottawa une chance de gagner votre confiance et votre entreprise.<br \/>Appelez-nous aujourd&#8217;hui au <a href=\"tel:6132889145\">(613) 288-9145<\/a> pour votre prochain projet de r\u00e9novation.<\/p>\n<p>[\/et_pb_text][et_pb_button button_url=&#8221;https:\/\/ottawahomepros.com\/contact\/&#8221; button_text=&#8221;Obtenez un devis aujourd&#8217;hui&#8221; button_alignment=&#8221;center&#8221; _builder_version=&#8221;4.4.5&#8243; custom_button=&#8221;on&#8221; button_text_color=&#8221;#FFFFFF&#8221; button_bg_color=&#8221;#085bad&#8221; button_border_width=&#8221;0px&#8221; button_border_radius=&#8221;0px&#8221; button_use_icon=&#8221;off&#8221; custom_padding=&#8221;15px||15px||true|false&#8221; locked=&#8221;off&#8221; global_colors_info=&#8221;{}&#8221; button_bg_color__hover=&#8221;#064ba0&#8243; button_bg_enable_color__hover=&#8221;on&#8221; button_bg_color__hover_enabled=&#8221;on|hover&#8221;][\/et_pb_button][\/et_pb_column][\/et_pb_row][\/et_pb_section]<\/p>\n","protected":false},"excerpt":{"rendered":"<p>Entrepreneur en am\u00e9lioration domiciliaire OttawaCommercial et R\u00e9sidentielEntrepreneur en r\u00e9novation OttawaNos entrepreneurs g\u00e9n\u00e9raux sont fiers de proposer des solutions cr\u00e9atives pour r\u00e9pondre \u00e0 vos besoins de r\u00e9novation, peu importe la taille ou le budget de votre projet.Appelez-nous au (613)-288-9145.Chez Ottawa Home Pros, nous sommes le seul service de r\u00e9novation dont vous aurez besoin pour votre projet [&hellip;]<\/p>\n","protected":false},"author":1,"featured_media":0,"parent":0,"menu_order":0,"comment_status":"closed","ping_status":"closed","template":"","meta":{"_et_pb_use_builder":"on","_et_pb_old_content":"","_et_gb_content_width":"","footnotes":""},"class_list":["post-8320","page","type-page","status-publish","hentry"],"_links":{"self":[{"href":"https:\/\/ottawahomepros.com\/fr\/wp-json\/wp\/v2\/pages\/8320","targetHints":{"allow":["GET"]}}],"collection":[{"href":"https:\/\/ottawahomepros.com\/fr\/wp-json\/wp\/v2\/pages"}],"about":[{"href":"https:\/\/ottawahomepros.com\/fr\/wp-json\/wp\/v2\/types\/page"}],"author":[{"embeddable":true,"href":"https:\/\/ottawahomepros.com\/fr\/wp-json\/wp\/v2\/users\/1"}],"replies":[{"embeddable":true,"href":"https:\/\/ottawahomepros.com\/fr\/wp-json\/wp\/v2\/comments?post=8320"}],"version-history":[{"count":3,"href":"https:\/\/ottawahomepros.com\/fr\/wp-json\/wp\/v2\/pages\/8320\/revisions"}],"predecessor-version":[{"id":8324,"href":"https:\/\/ottawahomepros.com\/fr\/wp-json\/wp\/v2\/pages\/8320\/revisions\/8324"}],"wp:attachment":[{"href":"https:\/\/ottawahomepros.com\/fr\/wp-json\/wp\/v2\/media?parent=8320"}],"curies":[{"name":"wp","href":"https:\/\/api.w.org\/{rel}","templated":true}]}}