{"id":8291,"date":"2015-10-08T13:13:41","date_gmt":"2015-10-08T13:13:41","guid":{"rendered":"https:\/\/gifted-rhodes.148-230-94-221.plesk.page\/home\/"},"modified":"2025-08-05T20:30:17","modified_gmt":"2025-08-05T20:30:17","slug":"home","status":"publish","type":"page","link":"https:\/\/ottawahomepros.com\/fr\/","title":{"rendered":"Home"},"content":{"rendered":"<p>[et_pb_section fb_built=&#8221;1&#8243; _builder_version=&#8221;4.4.5&#8243; background_color=&#8221;#EDEDEF&#8221; custom_margin=&#8221;0px||0px||true|false&#8221; custom_padding=&#8221;0px||0px||true|false&#8221; global_colors_info=&#8221;{}&#8221;][et_pb_row column_structure=&#8221;2_3,1_3&#8243; use_custom_gutter=&#8221;on&#8221; gutter_width=&#8221;1&#8243; custom_padding_last_edited=&#8221;on|tablet&#8221; _builder_version=&#8221;4.4.5&#8243; width=&#8221;100%&#8221; custom_margin=&#8221;0px||0px||true|false&#8221; custom_padding=&#8221;30px||30px||true|false&#8221; custom_padding_tablet=&#8221;30px||70px||false|false&#8221; custom_padding_phone=&#8221;&#8221; global_colors_info=&#8221;{}&#8221;][et_pb_column type=&#8221;2_3&#8243; _builder_version=&#8221;4.4.5&#8243; custom_padding=&#8221;|15px|||false|false&#8221; global_colors_info=&#8221;{}&#8221;][et_pb_slider _builder_version=&#8221;4.14.8&#8243; header_font=&#8221;Montserrat|700|||||||&#8221; header_text_align=&#8221;left&#8221; header_font_size=&#8221;38px&#8221; header_line_height=&#8221;1.2em&#8221; body_font=&#8221;Lato||||||||&#8221; body_text_align=&#8221;left&#8221; body_font_size=&#8221;20px&#8221; custom_button=&#8221;on&#8221; button_bg_color=&#8221;#0056ab&#8221; button_border_width=&#8221;0px&#8221; button_border_radius=&#8221;0px&#8221; button_font=&#8221;Lato|||on|||||&#8221; button_use_icon=&#8221;off&#8221; button_alignment=&#8221;left&#8221; button_custom_padding=&#8221;10px|25px|10px|25px|true|true&#8221; module_alignment=&#8221;center&#8221; custom_padding=&#8221;220px||220px||true|false&#8221; custom_padding_tablet=&#8221;100px||150px||false|false&#8221; custom_padding_phone=&#8221;&#8221; custom_padding_last_edited=&#8221;on|tablet&#8221; auto=&#8221;on&#8221; hover_enabled=&#8221;0&#8243; global_colors_info=&#8221;{}&#8221; button_bg_color__hover=&#8221;#0283c7&#8243; button_bg_color__hover_enabled=&#8221;on|desktop&#8221; button_bg_enable_color__hover=&#8221;on&#8221; sticky_enabled=&#8221;0&#8243;][et_pb_slide heading=&#8221;R\u00e9nover votre cuisine ?&#8221; button_text=&#8221;Demander un devis&#8221; button_link=&#8221;https:\/\/ottawahomepros.com\/contact\/&#8221; _builder_version=&#8221;4.14.8&#8243; body_line_height=&#8221;1.8em&#8221; use_background_color_gradient=&#8221;on&#8221; background_color_gradient_start=&#8221;rgba(0,0,0,0.58)&#8221; background_color_gradient_end=&#8221;rgba(0,0,0,0.05)&#8221; background_color_gradient_direction=&#8221;90deg&#8221; background_color_gradient_overlays_image=&#8221;on&#8221; background_image=&#8221;https:\/\/ottawahomepros.com\/wp-content\/uploads\/2016\/02\/home-reno2.jpg&#8221; background_enable_image=&#8221;on&#8221; global_colors_info=&#8221;{}&#8221; sticky_transition=&#8221;on&#8221;]<\/p>\n<p>Des comptoirs en granit au resurfa\u00e7age des armoires en passant par r\u00e9novation compl\u00e8te de la cuisine, nous pouvons vous aider.<\/p>\n<p>[\/et_pb_slide][et_pb_slide heading=&#8221;R\u00e9nover votre salle de bain ?&#8221; button_text=&#8221;Demander un devis&#8221; button_link=&#8221;https:\/\/ottawahomepros.com\/contact\/&#8221; _builder_version=&#8221;4.14.8&#8243; body_line_height=&#8221;1.8em&#8221; use_background_color_gradient=&#8221;on&#8221; background_color_gradient_start=&#8221;rgba(0,0,0,0.58)&#8221; background_color_gradient_end=&#8221;rgba(0,0,0,0.05)&#8221; background_color_gradient_direction=&#8221;90deg&#8221; background_color_gradient_overlays_image=&#8221;on&#8221; background_image=&#8221;https:\/\/ottawahomepros.com\/wp-content\/uploads\/2016\/02\/home-reno1.jpg&#8221; background_enable_image=&#8221;on&#8221; hover_enabled=&#8221;0&#8243; global_colors_info=&#8221;{}&#8221; sticky_transition=&#8221;on&#8221; sticky_enabled=&#8221;0&#8243;]<\/p>\n<p>Nous pouvons construire une salle de bain de type spa pour vous,<br \/>complet avec un nouveau rev\u00eatement de sol, des murs carrel\u00e9s et des fonctionnalit\u00e9s \u00e9tonnantes.<\/p>\n<p>[\/et_pb_slide][et_pb_slide heading=&#8221;Pros de la maison d&#8217;Ottawa&#8221; button_text=&#8221;Demander un devis&#8221; button_link=&#8221;https:\/\/ottawahomepros.com\/contact\/&#8221; _builder_version=&#8221;4.14.8&#8243; body_line_height=&#8221;1.8em&#8221; use_background_color_gradient=&#8221;on&#8221; background_color_gradient_start=&#8221;rgba(0,0,0,0.58)&#8221; background_color_gradient_end=&#8221;rgba(0,0,0,0.05)&#8221; background_color_gradient_direction=&#8221;90deg&#8221; background_color_gradient_overlays_image=&#8221;on&#8221; background_image=&#8221;https:\/\/ottawahomepros.com\/wp-content\/uploads\/2016\/02\/home-reno3.jpg&#8221; background_enable_image=&#8221;on&#8221; hover_enabled=&#8221;0&#8243; global_colors_info=&#8221;{}&#8221; sticky_transition=&#8221;on&#8221; sticky_enabled=&#8221;0&#8243;]<\/p>\n<p>Notre mission est de r\u00e9aliser votre projet,<br \/>l&#8217;am\u00e9lioration ou la r\u00e9novation de l&#8217;habitat une exp\u00e9rience formidable.<\/p>\n<p>[\/et_pb_slide][\/et_pb_slider][\/et_pb_column][et_pb_column type=&#8221;1_3&#8243; _builder_version=&#8221;4.4.5&#8243; custom_padding=&#8221;||||false|false&#8221; global_colors_info=&#8221;{}&#8221;][et_pb_blurb title=&#8221;R\u00e9novations domiciliaires Ottawa&#8221; _builder_version=&#8221;4.14.8&#8243; header_level=&#8221;h2&#8243; header_font=&#8221;Montserrat|600|||||||&#8221; header_text_color=&#8221;#FFFFFF&#8221; header_font_size=&#8221;36px&#8221; body_font=&#8221;Lato||||||||&#8221; body_text_color=&#8221;#e7dbd6&#8243; background_color=&#8221;#a87057&#8243; background_image=&#8221;https:\/\/ottawahomepros.com\/wp-content\/uploads\/2016\/02\/ottawa-city.jpg&#8221; background_size=&#8221;contain&#8221; background_position=&#8221;bottom_center&#8221; custom_margin_tablet=&#8221;50px|25%|20px|25%|false|true&#8221; custom_margin_phone=&#8221;|14%|10px|14%|false|true&#8221; custom_margin_last_edited=&#8221;on|desktop&#8221; custom_padding=&#8221;30px|30px|210px|30px|false|true&#8221; custom_padding_tablet=&#8221;50px|30px|250px|30px|false|true&#8221; custom_padding_phone=&#8221;||200px||false|true&#8221; custom_padding_last_edited=&#8221;on|tablet&#8221; hover_enabled=&#8221;0&#8243; global_colors_info=&#8221;{}&#8221; sticky_enabled=&#8221;0&#8243;]<\/p>\n<p>Nos entrepreneurs g\u00e9n\u00e9raux ont de l&#8217;exp\u00e9rience avec des projets petits et grands.<\/p>\n<p>[\/et_pb_blurb][et_pb_divider show_divider=&#8221;off&#8221; _builder_version=&#8221;4.4.5&#8243; custom_padding=&#8221;5px||5px||true|false&#8221; global_colors_info=&#8221;{}&#8221;][\/et_pb_divider][et_pb_blurb title=&#8221;Obtenez un devis aujourd&#8217;hui&#8221; use_icon=&#8221;on&#8221; font_icon=&#8221;&#xe00b;||divi||400&#8243; icon_color=&#8221;#4F525D&#8221; image_icon_background_color=&#8221;rgba(0,0,0,0)&#8221; icon_placement=&#8221;left&#8221; image_icon_width=&#8221;20px&#8221; content_max_width=&#8221;100%&#8221; content_max_width_tablet=&#8221;40%&#8221; content_max_width_phone=&#8221;70%&#8221; content_max_width_last_edited=&#8221;on|tablet&#8221; _builder_version=&#8221;4.14.8&#8243; header_level=&#8221;h2&#8243; header_font=&#8221;Montserrat|600|||||||&#8221; header_text_color=&#8221;#4F525D&#8221; header_font_size=&#8221;26px&#8221; header_line_height=&#8221;1.5em&#8221; body_font=&#8221;Lato||||||||&#8221; image_icon_custom_padding=&#8221;8px|8px|8px|8px|false|false&#8221; module_alignment=&#8221;left&#8221; custom_margin=&#8221;||13px|||&#8221; custom_margin_tablet=&#8221;&#8221; custom_margin_phone=&#8221;||0px||false|false&#8221; custom_margin_last_edited=&#8221;on|tablet&#8221; hover_enabled=&#8221;0&#8243; module_alignment_tablet=&#8221;&#8221; module_alignment_phone=&#8221;center&#8221; module_alignment_last_edited=&#8221;on|desktop&#8221; border_radii_image=&#8221;on|100%|100%|100%|100%&#8221; border_width_all_image=&#8221;2px&#8221; border_color_all_image=&#8221;#000000&#8243; icon_font_size=&#8221;20px&#8221; use_circle=&#8221;on&#8221; use_circle_border=&#8221;on&#8221; circle_border_color=&#8221;#000000&#8243; circle_color=&#8221;rgba(0,0,0,0)&#8221; global_colors_info=&#8221;{}&#8221; image_icon_background_color__sticky_enabled=&#8221;#0056ab&#8221; image_icon_background_color__sticky=&#8221;#0056ab&#8221; sticky_enabled=&#8221;0&#8243;]<\/p>\n<p>Vous envisagez un projet de r\u00e9novation ou d&#8217;am\u00e9lioration de l&#8217;habitat ?<\/p>\n<p>Appelez-nous au<\/p>\n<h3 style=\"font-size: 1.7em; font-weight: 600; line-height: 1.5em;\"><a href=\"tel:6132889145\">(613) 288-9145<\/a><\/h3>\n<p>[\/et_pb_blurb][\/et_pb_column][\/et_pb_row][\/et_pb_section][et_pb_section fb_built=&#8221;1&#8243; _builder_version=&#8221;4.4.5&#8243; background_color=&#8221;#0056ab&#8221; custom_padding=&#8221;70px||70px||true|&#8221; global_colors_info=&#8221;{}&#8221;][et_pb_row _builder_version=&#8221;4.5.1&#8243; global_colors_info=&#8221;{}&#8221;][et_pb_column type=&#8221;4_4&#8243; _builder_version=&#8221;4.5.1&#8243; hover_enabled=&#8221;0&#8243; global_colors_info=&#8221;{}&#8221; sticky_enabled=&#8221;0&#8243;][et_pb_text _builder_version=&#8221;4.14.8&#8243; link_font=&#8221;||||on||||&#8221; link_text_color=&#8221;#FFFFFF&#8221; header_2_text_align=&#8221;center&#8221; header_2_text_color=&#8221;#ffffff&#8221; header_4_text_align=&#8221;center&#8221; header_4_text_color=&#8221;#FFFFFF&#8221; header_4_line_height=&#8221;1.4em&#8221; hover_enabled=&#8221;0&#8243; header_2_font_size_tablet=&#8221;32px&#8221; header_2_font_size_phone=&#8221;&#8221; header_2_font_size_last_edited=&#8221;on|tablet&#8221; global_colors_info=&#8221;{}&#8221; sticky_enabled=&#8221;0&#8243;]<\/p>\n<h4>Ottawa Home Pros se sp\u00e9cialise dans les\u00a0r\u00e9novations et am\u00e9liorations domiciliaires, ainsi que dans les projets de restauration, des\u00a0cuisines\u00a0aux\u00a0salles de bains\u00a0aux grands ajouts. Nous sommes le choix intelligent pour la r\u00e9novation r\u00e9sidentielle et commerciale et les contrats.<\/h4>\n<\/p>\n<p>[\/et_pb_text][\/et_pb_column][\/et_pb_row][\/et_pb_section][et_pb_section fb_built=&#8221;1&#8243; _builder_version=&#8221;4.4.5&#8243; background_color=&#8221;#EDEDEF&#8221; custom_padding=&#8221;70px||70px||true|&#8221; global_colors_info=&#8221;{}&#8221;][et_pb_row column_structure=&#8221;1_2,1_2&#8243; make_equal=&#8221;on&#8221; _builder_version=&#8221;4.4.5&#8243; global_colors_info=&#8221;{}&#8221;][et_pb_column type=&#8221;1_2&#8243; _builder_version=&#8221;4.4.5&#8243; background_color=&#8221;#0283c7&#8243; custom_padding=&#8221;70px|50px|70px|50px|true|true&#8221; border_radii=&#8221;on|8px|8px|8px|8px&#8221; global_colors_info=&#8221;{}&#8221;][et_pb_text _builder_version=&#8221;4.14.8&#8243; text_text_color=&#8221;#FFFFFF&#8221; header_2_text_align=&#8221;center&#8221; header_2_text_color=&#8221;#FFFFFF&#8221; text_orientation=&#8221;center&#8221; hover_enabled=&#8221;0&#8243; global_colors_info=&#8221;{}&#8221; sticky_enabled=&#8221;0&#8243;]<\/p>\n<h2>R\u00e9novations domiciliaires \u00e0 Ottawa<\/h2>\n<p>Besoin d&#8217;une r\u00e9novation domiciliaire \u00e0 Ottawa? Vous songez \u00e0 r\u00e9nover l&#8217;ext\u00e9rieur de votre maison avant que le temps ne se refroidisse? Des patios aux terrasses en passant par la r\u00e9novation des chambres, nos entrepreneurs g\u00e9n\u00e9raux peuvent le faire avec beaucoup de comp\u00e9tence et d&#8217;expertise. Contactez-nous d\u00e8s aujourd&#8217;hui pour demander un devis.<\/p>\n<p>[\/et_pb_text][\/et_pb_column][et_pb_column type=&#8221;1_2&#8243; _builder_version=&#8221;4.4.5&#8243; background_color=&#8221;#0283c7&#8243; custom_padding=&#8221;70px|50px|70px|50px|true|true&#8221; border_radii=&#8221;on|8px|8px|8px|8px&#8221; global_colors_info=&#8221;{}&#8221;][et_pb_text _builder_version=&#8221;4.14.8&#8243; text_text_color=&#8221;#FFFFFF&#8221; header_2_text_align=&#8221;center&#8221; header_2_text_color=&#8221;#FFFFFF&#8221; text_orientation=&#8221;center&#8221; hover_enabled=&#8221;0&#8243; global_colors_info=&#8221;{}&#8221; sticky_enabled=&#8221;0&#8243;]<\/p>\n<h2>R\u00e9novation domiciliaire \u00e0 Ottawa<\/h2>\n<p>Besoin de relooker votre maison ? Besoin d&#8217;une nouvelle couche de peinture avant de mettre votre bien en vente ? Nos entrepreneurs experts peuvent faire le travail pour vous. Nous avons des entrepreneurs en r\u00e9novation domiciliaire form\u00e9s et dignes de confiance \u00e0 Ottawa qui excellent dans divers projets de r\u00e9novation domiciliaire et peuvent fournir les meilleurs r\u00e9sultats. Nous assurons une enti\u00e8re satisfaction. Appelez-nous aujourd&#8217;hui au (613) 288-9145 pour parler \u00e0 notre repr\u00e9sentant ou pour demander un devis.<\/p>\n<p>[\/et_pb_text][\/et_pb_column][\/et_pb_row][\/et_pb_section][et_pb_section fb_built=&#8221;1&#8243; specialty=&#8221;on&#8221; background_position_1=&#8221;top_center&#8221; background_repeat_1=&#8221;no-repeat&#8221; _builder_version=&#8221;4.5.1&#8243; custom_padding=&#8221;80px||80px||true|&#8221; global_colors_info=&#8221;{}&#8221;][et_pb_column type=&#8221;1_3&#8243; _builder_version=&#8221;3.25&#8243; custom_padding=&#8221;|||&#8221; global_colors_info=&#8221;{}&#8221; custom_padding__hover=&#8221;|||&#8221;][et_pb_image src=&#8221;https:\/\/ottawahomepros.com\/wp-content\/uploads\/2015\/10\/contractor.jpg&#8221; title_text=&#8221;contractor&#8221; align_tablet=&#8221;center&#8221; align_phone=&#8221;&#8221; align_last_edited=&#8221;on|desktop&#8221; _builder_version=&#8221;4.4.5&#8243; global_colors_info=&#8221;{}&#8221;][\/et_pb_image][\/et_pb_column][et_pb_column type=&#8221;2_3&#8243; specialty_columns=&#8221;2&#8243; _builder_version=&#8221;3.25&#8243; custom_padding=&#8221;|||&#8221; global_colors_info=&#8221;{}&#8221; custom_padding__hover=&#8221;|||&#8221;][et_pb_row_inner _builder_version=&#8221;4.5.1&#8243; custom_padding=&#8221;||4px|||&#8221; global_colors_info=&#8221;{}&#8221;][et_pb_column_inner saved_specialty_column_type=&#8221;2_3&#8243; _builder_version=&#8221;4.5.1&#8243; global_colors_info=&#8221;{}&#8221;][et_pb_text _builder_version=&#8221;4.14.8&#8243; hover_enabled=&#8221;0&#8243; global_colors_info=&#8221;{}&#8221; sticky_enabled=&#8221;0&#8243;]<\/p>\n<h2>Des entrepreneurs g\u00e9n\u00e9raux en qui vous pouvez avoir confiance.<\/h2>\n<p><strong>Nous avons l&#8217;expertise et l&#8217;exp\u00e9rience pour prendre en charge votre projet. De la planification initiale, trouver cet \u00e9quilibre entre le budget et la liste de souhaits, jusqu&#8217;au nettoyage du site, nous serons l\u00e0 pour vous.<\/strong><\/p>\n<p>[\/et_pb_text][et_pb_text _builder_version=&#8221;4.14.8&#8243; hover_enabled=&#8221;0&#8243; global_colors_info=&#8221;{}&#8221; sticky_enabled=&#8221;0&#8243;]<\/p>\n<h4>Pourquoi choisir Ottawa Home Pros :<\/h4>\n<p>[\/et_pb_text][\/et_pb_column_inner][\/et_pb_row_inner][et_pb_row_inner column_structure=&#8221;1_2,1_2&#8243; use_custom_gutter=&#8221;on&#8221; gutter_width=&#8221;2&#8243; _builder_version=&#8221;4.4.5&#8243; custom_padding=&#8221;||4px|||&#8221; global_colors_info=&#8221;{}&#8221;][et_pb_column_inner type=&#8221;1_2&#8243; saved_specialty_column_type=&#8221;2_3&#8243; _builder_version=&#8221;4.5.1&#8243; global_colors_info=&#8221;{}&#8221;][et_pb_blurb title=&#8221;Gens de m\u00e9tier exp\u00e9riment\u00e9s&#8221; image=&#8221;https:\/\/ottawahomepros.com\/wp-content\/uploads\/2015\/10\/construction6.png&#8221; icon_placement=&#8221;left&#8221; content_max_width=&#8221;100%&#8221; _builder_version=&#8221;4.14.8&#8243; header_font=&#8221;Montserrat|600|||||||&#8221; header_font_size=&#8221;18px&#8221; header_line_height=&#8221;1.4em&#8221; hover_enabled=&#8221;0&#8243; custom_css_blurb_image=&#8221;width:60px;&#8221; global_colors_info=&#8221;{}&#8221; custom_css_blurb_title_last_edited=&#8221;on|phone&#8221; custom_css_blurb_title_tablet=&#8221;margin-top:20px;&#8221; custom_css_blurb_title_phone=&#8221;margin-top:10px;&#8221; sticky_enabled=&#8221;0&#8243;]<\/p>\n<p>Tous nos m\u00e9tiers ont des ann\u00e9es d&#8217;exp\u00e9rience, sont agr\u00e9\u00e9s et assur\u00e9s.<\/p>\n<p>[\/et_pb_blurb][\/et_pb_column_inner][et_pb_column_inner type=&#8221;1_2&#8243; saved_specialty_column_type=&#8221;2_3&#8243; _builder_version=&#8221;4.5.1&#8243; global_colors_info=&#8221;{}&#8221;][et_pb_blurb title=&#8221;Des prix comp\u00e9titifs&#8221; image=&#8221;https:\/\/ottawahomepros.com\/wp-content\/uploads\/2015\/10\/construction1.png&#8221; icon_placement=&#8221;left&#8221; content_max_width=&#8221;100%&#8221; _builder_version=&#8221;4.14.8&#8243; header_font=&#8221;Montserrat|600|||||||&#8221; header_font_size=&#8221;18px&#8221; header_line_height=&#8221;1.4em&#8221; hover_enabled=&#8221;0&#8243; custom_css_blurb_image=&#8221;width:60px;&#8221; global_colors_info=&#8221;{}&#8221; custom_css_blurb_title_last_edited=&#8221;on|phone&#8221; custom_css_blurb_title_tablet=&#8221;margin-top:10px;&#8221; custom_css_blurb_title_phone=&#8221;margin-top:0;&#8221; sticky_enabled=&#8221;0&#8243;]<\/p>\n<p>Nous fournissons des devis \u00e9quitables qui refl\u00e8tent la valeur que vous recevrez.<\/p>\n<p>[\/et_pb_blurb][\/et_pb_column_inner][\/et_pb_row_inner][et_pb_row_inner column_structure=&#8221;1_2,1_2&#8243; _builder_version=&#8221;4.5.1&#8243; custom_padding=&#8221;||||false|false&#8221; global_colors_info=&#8221;{}&#8221;][et_pb_column_inner type=&#8221;1_2&#8243; saved_specialty_column_type=&#8221;2_3&#8243; _builder_version=&#8221;4.5.1&#8243; global_colors_info=&#8221;{}&#8221;][et_pb_blurb title=&#8221;Nous soutenons notre travail&#8221; image=&#8221;https:\/\/ottawahomepros.com\/wp-content\/uploads\/2015\/10\/construction5.png&#8221; alt=&#8221;Tools&#8221; icon_placement=&#8221;left&#8221; content_max_width=&#8221;100%&#8221; _builder_version=&#8221;4.14.8&#8243; header_font=&#8221;Montserrat|600|||||||&#8221; header_font_size=&#8221;18px&#8221; header_line_height=&#8221;1.4em&#8221; hover_enabled=&#8221;0&#8243; custom_css_blurb_image=&#8221;width:60px;&#8221; global_colors_info=&#8221;{}&#8221; custom_css_blurb_title_last_edited=&#8221;on|tablet&#8221; sticky_enabled=&#8221;0&#8243;]<\/p>\n<p>Bien faire est notre devise. Notre travail est garanti. Si ce n&#8217;est pas bien fait la premi\u00e8re fois, nous le r\u00e9parerons.<\/p>\n<p>[\/et_pb_blurb][\/et_pb_column_inner][et_pb_column_inner type=&#8221;1_2&#8243; saved_specialty_column_type=&#8221;2_3&#8243; _builder_version=&#8221;4.5.1&#8243; global_colors_info=&#8221;{}&#8221;][et_pb_blurb title=&#8221;Nous voulons que votre entreprise se r\u00e9p\u00e8te&#8221; image=&#8221;https:\/\/ottawahomepros.com\/wp-content\/uploads\/2015\/10\/construction3.png&#8221; icon_placement=&#8221;left&#8221; content_max_width=&#8221;100%&#8221; _builder_version=&#8221;4.14.8&#8243; header_font=&#8221;Montserrat|600|||||||&#8221; header_font_size=&#8221;18px&#8221; header_line_height=&#8221;1.4em&#8221; hover_enabled=&#8221;0&#8243; custom_css_blurb_image=&#8221;width:60px;&#8221; global_colors_info=&#8221;{}&#8221; custom_css_blurb_title_last_edited=&#8221;on|phone&#8221; custom_css_blurb_title_tablet=&#8221;margin-top:10px;&#8221; custom_css_blurb_title_phone=&#8221;margin-top:0;&#8221; sticky_enabled=&#8221;0&#8243;]<\/p>\n<p>Nous travaillons dur pour gagner votre confiance et votre respect. Nous voulons votre entreprise de r\u00e9novation domiciliaire pour la vie.<\/p>\n<p>[\/et_pb_blurb][\/et_pb_column_inner][\/et_pb_row_inner][\/et_pb_column][\/et_pb_section][et_pb_section fb_built=&#8221;1&#8243; _builder_version=&#8221;4.4.5&#8243; background_color=&#8221;#EDEDEF&#8221; custom_padding=&#8221;80px||80px||true|&#8221; global_colors_info=&#8221;{}&#8221;][et_pb_row _builder_version=&#8221;4.4.5&#8243; global_colors_info=&#8221;{}&#8221;][et_pb_column type=&#8221;4_4&#8243; _builder_version=&#8221;4.4.5&#8243; global_colors_info=&#8221;{}&#8221;][et_pb_text _builder_version=&#8221;4.14.8&#8243; header_2_text_align=&#8221;center&#8221; hover_enabled=&#8221;0&#8243; global_colors_info=&#8221;{}&#8221; sticky_enabled=&#8221;0&#8243;]<\/p>\n<h2>Articles de r\u00e9novation<\/h2>\n<p>[\/et_pb_text][\/et_pb_column][\/et_pb_row][et_pb_row _builder_version=&#8221;4.4.5&#8243; custom_padding=&#8221;1px|||||&#8221; global_colors_info=&#8221;{}&#8221;][et_pb_column type=&#8221;4_4&#8243; _builder_version=&#8221;4.4.5&#8243; global_colors_info=&#8221;{}&#8221;][et_pb_blog fullwidth=&#8221;off&#8221; posts_number=&#8221;3&#8243; excerpt_length=&#8221;150&#8243; show_more=&#8221;on&#8221; show_author=&#8221;off&#8221; show_date=&#8221;off&#8221; show_categories=&#8221;off&#8221; show_pagination=&#8221;off&#8221; _builder_version=&#8221;4.14.8&#8243; read_more_font=&#8221;|||on|||||&#8221; read_more_font_size=&#8221;16px&#8221; hover_enabled=&#8221;0&#8243; border_width_all=&#8221;0px&#8221; box_shadow_style=&#8221;preset3&#8243; box_shadow_vertical=&#8221;5px&#8221; box_shadow_blur=&#8221;17px&#8221; global_colors_info=&#8221;{}&#8221; sticky_enabled=&#8221;0&#8243;][\/et_pb_blog][\/et_pb_column][\/et_pb_row][\/et_pb_section][et_pb_section fb_built=&#8221;1&#8243; _builder_version=&#8221;4.4.5&#8243; use_background_color_gradient=&#8221;on&#8221; background_color_gradient_start=&#8221;rgba(0,0,0,0.8)&#8221; background_color_gradient_end=&#8221;rgba(51,51,51,0.85)&#8221; background_color_gradient_overlays_image=&#8221;on&#8221; background_image=&#8221;https:\/\/ottawahomepros.com\/wp-content\/uploads\/2016\/01\/renovation-3.jpg&#8221; custom_padding=&#8221;80px||80px||true|&#8221; locked=&#8221;off&#8221; global_colors_info=&#8221;{}&#8221;][et_pb_row custom_padding_last_edited=&#8221;on|phone&#8221; _builder_version=&#8221;4.4.5&#8243; custom_padding=&#8221;50px|50px|50px|50px|true|true&#8221; custom_padding_tablet=&#8221;&#8221; custom_padding_phone=&#8221;40px|30px|40px|30px|true|true&#8221; border_width_all=&#8221;4px&#8221; border_color_all=&#8221;#FFFFFF&#8221; global_colors_info=&#8221;{}&#8221;][et_pb_column type=&#8221;4_4&#8243; _builder_version=&#8221;4.5.1&#8243; global_colors_info=&#8221;{}&#8221;][et_pb_text _builder_version=&#8221;4.14.8&#8243; header_2_text_align=&#8221;center&#8221; header_2_text_color=&#8221;#FFFFFF&#8221; custom_margin=&#8221;||15px||false|false&#8221; hover_enabled=&#8221;0&#8243; header_2_font_size_tablet=&#8221;32px&#8221; header_2_font_size_phone=&#8221;26px&#8221; header_2_font_size_last_edited=&#8221;on|tablet&#8221; locked=&#8221;off&#8221; global_colors_info=&#8221;{}&#8221; sticky_enabled=&#8221;0&#8243;]<\/p>\n<h2>Ottawa Home Pros fournit des services de r\u00e9novation et d&#8217;am\u00e9lioration domiciliaire dans la r\u00e9gion d&#8217;Ottawa.<\/h2>\n<p>[\/et_pb_text][et_pb_text _builder_version=&#8221;4.14.8&#8243; text_text_color=&#8221;#FFFFFF&#8221; text_font_size=&#8221;20px&#8221; text_line_height=&#8221;1.5em&#8221; link_text_color=&#8221;#FFFFFF&#8221; header_4_font=&#8221;Montserrat|600|||||||&#8221; header_4_text_align=&#8221;center&#8221; header_4_text_color=&#8221;#ffffff&#8221; text_orientation=&#8221;center&#8221; hover_enabled=&#8221;0&#8243; text_font_size_tablet=&#8221;22px&#8221; text_font_size_phone=&#8221;20px&#8221; text_font_size_last_edited=&#8221;on|tablet&#8221; global_colors_info=&#8221;{}&#8221; sticky_enabled=&#8221;0&#8243;]<\/p>\n<p>Donnez \u00e0 nos entrepreneurs g\u00e9n\u00e9raux d&#8217;Ottawa une chance de gagner votre confiance et votre entreprise.<br \/>Appelez-nous d\u00e8s aujourd&#8217;hui au (613) 288-9145 pour votre prochain projet de r\u00e9novation ou d&#8217;am\u00e9lioration de votre maison.<\/p>\n<p>[\/et_pb_text][et_pb_button button_url=&#8221;https:\/\/ottawahomepros.com\/contact\/&#8221; button_text=&#8221;Obtenez un devis aujourd&#8217;hui&#8221; button_alignment=&#8221;center&#8221; _builder_version=&#8221;4.14.8&#8243; custom_button=&#8221;on&#8221; button_text_color=&#8221;#FFFFFF&#8221; button_bg_color=&#8221;#085bad&#8221; button_border_width=&#8221;0px&#8221; button_border_radius=&#8221;0px&#8221; button_use_icon=&#8221;off&#8221; custom_padding=&#8221;15px||15px||true|false&#8221; hover_enabled=&#8221;0&#8243; locked=&#8221;off&#8221; global_colors_info=&#8221;{}&#8221; button_bg_color__hover=&#8221;#064ba0&#8243; button_bg_enable_color__hover=&#8221;on&#8221; button_bg_color__hover_enabled=&#8221;on|hover&#8221; sticky_enabled=&#8221;0&#8243;][\/et_pb_button][\/et_pb_column][\/et_pb_row][\/et_pb_section]<\/p>\n","protected":false},"excerpt":{"rendered":"<p>Des comptoirs en granit au resurfa\u00e7age des armoires en passant par r\u00e9novation compl\u00e8te de la cuisine, nous pouvons vous aider.Nous pouvons construire une salle de bain de type spa pour vous,complet avec un nouveau rev\u00eatement de sol, des murs carrel\u00e9s et des fonctionnalit\u00e9s \u00e9tonnantes.Notre mission est de r\u00e9aliser votre projet,l&#8217;am\u00e9lioration ou la r\u00e9novation de l&#8217;habitat [&hellip;]<\/p>\n","protected":false},"author":1,"featured_media":0,"parent":0,"menu_order":0,"comment_status":"open","ping_status":"open","template":"","meta":{"_et_pb_use_builder":"on","_et_pb_old_content":"","_et_gb_content_width":"","footnotes":""},"class_list":["post-8291","page","type-page","status-publish","hentry"],"_links":{"self":[{"href":"https:\/\/ottawahomepros.com\/fr\/wp-json\/wp\/v2\/pages\/8291","targetHints":{"allow":["GET"]}}],"collection":[{"href":"https:\/\/ottawahomepros.com\/fr\/wp-json\/wp\/v2\/pages"}],"about":[{"href":"https:\/\/ottawahomepros.com\/fr\/wp-json\/wp\/v2\/types\/page"}],"author":[{"embeddable":true,"href":"https:\/\/ottawahomepros.com\/fr\/wp-json\/wp\/v2\/users\/1"}],"replies":[{"embeddable":true,"href":"https:\/\/ottawahomepros.com\/fr\/wp-json\/wp\/v2\/comments?post=8291"}],"version-history":[{"count":1,"href":"https:\/\/ottawahomepros.com\/fr\/wp-json\/wp\/v2\/pages\/8291\/revisions"}],"predecessor-version":[{"id":11171,"href":"https:\/\/ottawahomepros.com\/fr\/wp-json\/wp\/v2\/pages\/8291\/revisions\/11171"}],"wp:attachment":[{"href":"https:\/\/ottawahomepros.com\/fr\/wp-json\/wp\/v2\/media?parent=8291"}],"curies":[{"name":"wp","href":"https:\/\/api.w.org\/{rel}","templated":true}]}}